{"id":10,"date":"2025-11-06T16:44:41","date_gmt":"2025-11-06T16:44:41","guid":{"rendered":"https:\/\/vendocosta.com\/?page_id=10"},"modified":"2026-04-01T16:52:43","modified_gmt":"2026-04-01T16:52:43","slug":"etusivu","status":"publish","type":"page","link":"https:\/\/vendocosta.com\/fi\/","title":{"rendered":"Etusivu"},"content":{"rendered":"<div data-elementor-type=\"wp-post\" data-elementor-id=\"10\" class=\"elementor elementor-10\" data-elementor-post-type=\"page\">\n\t\t\t\t<div class=\"elementor-element elementor-element-ade1af3 elementor-hidden-mobile e-flex e-con-boxed e-con e-parent\" data-id=\"ade1af3\" data-element_type=\"container\" data-settings=\"{&quot;background_background&quot;:&quot;video&quot;,&quot;background_video_link&quot;:&quot;https:\\\/\\\/youtu.be\\\/Gmzxv35eXMI&quot;}\">\n\t\t\t\t\t<div class=\"e-con-inner\">\n\t\t<div class=\"elementor-background-video-container elementor-hidden-mobile\" aria-hidden=\"true\">\n\t\t\t\t\t\t\t<div class=\"elementor-background-video-embed\"><\/div>\n\t\t\t\t\t\t<\/div><div class=\"elementor-element elementor-element-9735389 e-con-full e-flex e-con e-child\" data-id=\"9735389\" data-element_type=\"container\" data-settings=\"{&quot;background_background&quot;:&quot;gradient&quot;,&quot;position&quot;:&quot;absolute&quot;}\">\n\t\t\t\t<\/div>\n\t\t<div class=\"elementor-element elementor-element-7de50fe e-con-full e-flex e-con e-child\" data-id=\"7de50fe\" data-element_type=\"container\">\n\t\t\t\t<div class=\"elementor-element elementor-element-cbb5deb elementor-widget elementor-widget-heading\" data-id=\"cbb5deb\" data-element_type=\"widget\" data-widget_type=\"heading.default\">\n\t\t\t\t\t<h1 class=\"elementor-heading-title elementor-size-default\">L\u00f6yd\u00e4 paikkasi auringossa<\/h1>\t\t\t\t<\/div>\n\t\t\t\t<div class=\"elementor-element elementor-element-66436b5 elementor-widget elementor-widget-heading\" data-id=\"66436b5\" data-element_type=\"widget\" data-widget_type=\"heading.default\">\n\t\t\t\t\t<p class=\"elementor-heading-title elementor-size-default\">Vendo Costa \u2013 miss\u00e4 palvelu ja ammattitaito kohtaavat<\/p>\t\t\t\t<\/div>\n\t\t\t\t<\/div>\n\t\t\t\t\t<\/div>\n\t\t\t\t<\/div>\n\t\t<div class=\"elementor-element elementor-element-0bf384d elementor-hidden-desktop elementor-hidden-tablet e-flex e-con-boxed e-con e-parent\" data-id=\"0bf384d\" data-element_type=\"container\" data-settings=\"{&quot;background_background&quot;:&quot;classic&quot;}\">\n\t\t\t\t\t<div class=\"e-con-inner\">\n\t\t<div class=\"elementor-element elementor-element-bfa775f e-con-full e-flex e-con e-child\" data-id=\"bfa775f\" data-element_type=\"container\" data-settings=\"{&quot;background_background&quot;:&quot;gradient&quot;,&quot;position&quot;:&quot;absolute&quot;}\">\n\t\t\t\t<\/div>\n\t\t<div class=\"elementor-element elementor-element-6b8813b e-con-full e-flex e-con e-child\" data-id=\"6b8813b\" data-element_type=\"container\">\n\t\t\t\t<div class=\"elementor-element elementor-element-73ac6f4 elementor-widget elementor-widget-heading\" data-id=\"73ac6f4\" data-element_type=\"widget\" data-widget_type=\"heading.default\">\n\t\t\t\t\t<h1 class=\"elementor-heading-title elementor-size-default\">L\u00f6yd\u00e4 paikkasi auringossa\n<\/h1>\t\t\t\t<\/div>\n\t\t\t\t<div class=\"elementor-element elementor-element-9115591 elementor-widget elementor-widget-heading\" data-id=\"9115591\" data-element_type=\"widget\" data-widget_type=\"heading.default\">\n\t\t\t\t\t<p class=\"elementor-heading-title elementor-size-default\">Vendo Costa \u2013 miss\u00e4 palvelu ja ammattitaito kohtaavat<\/p>\t\t\t\t<\/div>\n\t\t\t\t<\/div>\n\t\t\t\t\t<\/div>\n\t\t\t\t<\/div>\n\t\t<div class=\"elementor-element elementor-element-f7b4112 e-flex e-con-boxed e-con e-parent\" data-id=\"f7b4112\" data-element_type=\"container\" data-settings=\"{&quot;background_background&quot;:&quot;classic&quot;}\">\n\t\t\t\t\t<div class=\"e-con-inner\">\n\t\t\t\t<div class=\"elementor-element elementor-element-ac351a9 elementor-widget elementor-widget-heading\" data-id=\"ac351a9\" data-element_type=\"widget\" data-widget_type=\"heading.default\">\n\t\t\t\t\t<h2 class=\"elementor-heading-title elementor-size-default\">Katso saatavilla olevat kohteet<\/h2>\t\t\t\t<\/div>\n\t\t\t\t<div class=\"elementor-element elementor-element-16db896 elementor-widget elementor-widget-heading\" data-id=\"16db896\" data-element_type=\"widget\" data-widget_type=\"heading.default\">\n\t\t\t\t\t<p class=\"elementor-heading-title elementor-size-default\">Selaa uudiskohteita ja asuntoja ymp\u00e4ri Costa del Solia<\/p>\t\t\t\t<\/div>\n\t\t<div class=\"elementor-element elementor-element-460b5b6 e-grid e-con-full e-con e-child\" data-id=\"460b5b6\" data-element_type=\"container\">\n\t\t<div class=\"elementor-element elementor-element-c0cf5ec e-con-full arrow-animate-trigger-1 e-flex e-con e-child\" data-id=\"c0cf5ec\" data-element_type=\"container\">\n\t\t\t\t<div class=\"elementor-element elementor-element-1ac77fe elementor-widget elementor-widget-image\" data-id=\"1ac77fe\" data-element_type=\"widget\" data-widget_type=\"image.default\">\n\t\t\t\t\t\t\t\t\t\t\t\t\t\t\t\t<a href=\"\/fi\/properties\/\">\n\t\t\t\t\t\t\t<img fetchpriority=\"high\" decoding=\"async\" width=\"800\" height=\"800\" src=\"https:\/\/vendocosta.com\/wp-content\/uploads\/2026\/01\/villa.webp\" class=\"attachment-large size-large wp-image-8372\" alt=\"\" srcset=\"https:\/\/vendocosta.com\/wp-content\/uploads\/2026\/01\/villa.webp 987w, https:\/\/vendocosta.com\/wp-content\/uploads\/2026\/01\/villa-300x300.webp 300w, https:\/\/vendocosta.com\/wp-content\/uploads\/2026\/01\/villa-150x150.webp 150w, https:\/\/vendocosta.com\/wp-content\/uploads\/2026\/01\/villa-768x768.webp 768w\" sizes=\"(max-width: 800px) 100vw, 800px\" \/>\t\t\t\t\t\t\t\t<\/a>\n\t\t\t\t\t\t\t\t\t\t\t\t\t\t\t<\/div>\n\t\t<a class=\"elementor-element elementor-element-56316bc e-con-full e-flex e-con e-child\" data-id=\"56316bc\" data-element_type=\"container\" href=\"\/fi\/properties\/\">\n\t\t\t\t<div class=\"elementor-element elementor-element-7858085 elementor-widget elementor-widget-heading\" data-id=\"7858085\" data-element_type=\"widget\" data-widget_type=\"heading.default\">\n\t\t\t\t\t<span class=\"elementor-heading-title elementor-size-default\">Hae asuntoja<\/span>\t\t\t\t<\/div>\n\t\t\t\t<div class=\"elementor-element elementor-element-8df6107 animate-arrow-1 elementor-view-default elementor-widget elementor-widget-icon\" data-id=\"8df6107\" data-element_type=\"widget\" data-widget_type=\"icon.default\">\n\t\t\t\t\t\t\t<div class=\"elementor-icon-wrapper\">\n\t\t\t<div class=\"elementor-icon\">\n\t\t\t<svg aria-hidden=\"true\" class=\"e-font-icon-svg e-fas-arrow-right\" viewbox=\"0 0 448 512\" xmlns=\"http:\/\/www.w3.org\/2000\/svg\"><path d=\"M190.5 66.9l22.2-22.2c9.4-9.4 24.6-9.4 33.9 0L441 239c9.4 9.4 9.4 24.6 0 33.9L246.6 467.3c-9.4 9.4-24.6 9.4-33.9 0l-22.2-22.2c-9.5-9.5-9.3-25 .4-34.3L311.4 296H24c-13.3 0-24-10.7-24-24v-32c0-13.3 10.7-24 24-24h287.4L190.9 101.2c-9.8-9.3-10-24.8-.4-34.3z\"><\/path><\/svg>\t\t\t<\/div>\n\t\t<\/div>\n\t\t\t\t\t\t<\/div>\n\t\t\t\t<\/a>\n\t\t\t\t<\/div>\n\t\t<div class=\"elementor-element elementor-element-78fadc4 e-con-full arrow-animate-trigger e-flex e-con e-child\" data-id=\"78fadc4\" data-element_type=\"container\">\n\t\t\t\t<div class=\"elementor-element elementor-element-6507cd8 elementor-widget elementor-widget-image\" data-id=\"6507cd8\" data-element_type=\"widget\" data-widget_type=\"image.default\">\n\t\t\t\t\t\t\t\t\t\t\t\t\t\t\t\t<a href=\"\/fi\/contact\/\">\n\t\t\t\t\t\t\t<img decoding=\"async\" width=\"800\" height=\"800\" src=\"https:\/\/vendocosta.com\/wp-content\/uploads\/2025\/12\/house-23.webp\" class=\"attachment-large size-large wp-image-7954\" alt=\"\" srcset=\"https:\/\/vendocosta.com\/wp-content\/uploads\/2025\/12\/house-23.webp 927w, https:\/\/vendocosta.com\/wp-content\/uploads\/2025\/12\/house-23-300x300.webp 300w, https:\/\/vendocosta.com\/wp-content\/uploads\/2025\/12\/house-23-150x150.webp 150w, https:\/\/vendocosta.com\/wp-content\/uploads\/2025\/12\/house-23-768x768.webp 768w\" sizes=\"(max-width: 800px) 100vw, 800px\" \/>\t\t\t\t\t\t\t\t<\/a>\n\t\t\t\t\t\t\t\t\t\t\t\t\t\t\t<\/div>\n\t\t<a class=\"elementor-element elementor-element-1012501 e-con-full e-flex e-con e-child\" data-id=\"1012501\" data-element_type=\"container\" href=\"\/fi\/contact\/\">\n\t\t\t\t<div class=\"elementor-element elementor-element-af5647b elementor-widget elementor-widget-heading\" data-id=\"af5647b\" data-element_type=\"widget\" data-widget_type=\"heading.default\">\n\t\t\t\t\t<span class=\"elementor-heading-title elementor-size-default\">Ota yhteytt\u00e4<\/span>\t\t\t\t<\/div>\n\t\t\t\t<div class=\"elementor-element elementor-element-cbd366e animate-arrow elementor-view-default elementor-widget elementor-widget-icon\" data-id=\"cbd366e\" data-element_type=\"widget\" data-widget_type=\"icon.default\">\n\t\t\t\t\t\t\t<div class=\"elementor-icon-wrapper\">\n\t\t\t<div class=\"elementor-icon\">\n\t\t\t<svg aria-hidden=\"true\" class=\"e-font-icon-svg e-fas-arrow-right\" viewbox=\"0 0 448 512\" xmlns=\"http:\/\/www.w3.org\/2000\/svg\"><path d=\"M190.5 66.9l22.2-22.2c9.4-9.4 24.6-9.4 33.9 0L441 239c9.4 9.4 9.4 24.6 0 33.9L246.6 467.3c-9.4 9.4-24.6 9.4-33.9 0l-22.2-22.2c-9.5-9.5-9.3-25 .4-34.3L311.4 296H24c-13.3 0-24-10.7-24-24v-32c0-13.3 10.7-24 24-24h287.4L190.9 101.2c-9.8-9.3-10-24.8-.4-34.3z\"><\/path><\/svg>\t\t\t<\/div>\n\t\t<\/div>\n\t\t\t\t\t\t<\/div>\n\t\t\t\t<\/a>\n\t\t\t\t<\/div>\n\t\t\t\t<\/div>\n\t\t\t\t\t<\/div>\n\t\t\t\t<\/div>\n\t\t<div class=\"elementor-element elementor-element-c37a690 e-flex e-con-boxed e-con e-parent\" data-id=\"c37a690\" data-element_type=\"container\" data-settings=\"{&quot;background_background&quot;:&quot;video&quot;,&quot;background_video_link&quot;:&quot;https:\\\/\\\/youtu.be\\\/I-8enUftQYs&quot;,&quot;background_play_on_mobile&quot;:&quot;yes&quot;,&quot;background_privacy_mode&quot;:&quot;yes&quot;}\">\n\t\t\t\t\t<div class=\"e-con-inner\">\n\t\t<div class=\"elementor-background-video-container\" aria-hidden=\"true\">\n\t\t\t\t\t\t\t<div class=\"elementor-background-video-embed\"><\/div>\n\t\t\t\t\t\t<\/div><div class=\"elementor-element elementor-element-83673a5 e-con-full e-flex e-con e-child\" data-id=\"83673a5\" data-element_type=\"container\" data-settings=\"{&quot;background_background&quot;:&quot;classic&quot;}\">\n\t\t<div class=\"elementor-element elementor-element-c9b404a e-grid e-con-full e-con e-child\" data-id=\"c9b404a\" data-element_type=\"container\">\n\t\t<div class=\"elementor-element elementor-element-77e196d e-con-full e-flex e-con e-child\" data-id=\"77e196d\" data-element_type=\"container\">\n\t\t\t\t<div class=\"elementor-element elementor-element-84455ea elementor-widget elementor-widget-heading\" data-id=\"84455ea\" data-element_type=\"widget\" data-widget_type=\"heading.default\">\n\t\t\t\t\t<h2 class=\"elementor-heading-title elementor-size-default\">Lupauksemme<\/h2>\t\t\t\t<\/div>\n\t\t\t\t<\/div>\n\t\t<div class=\"elementor-element elementor-element-e985d39 e-con-full e-flex e-con e-child\" data-id=\"e985d39\" data-element_type=\"container\">\n\t\t<div class=\"elementor-element elementor-element-368b167 e-con-full e-flex e-con e-child\" data-id=\"368b167\" data-element_type=\"container\">\n\t\t\t\t<div class=\"elementor-element elementor-element-ac11365 elementor-widget elementor-widget-heading\" data-id=\"ac11365\" data-element_type=\"widget\" data-widget_type=\"heading.default\">\n\t\t\t\t\t<h3 class=\"elementor-heading-title elementor-size-default\">Ei kuluja ostajalle<\/h3>\t\t\t\t<\/div>\n\t\t\t\t<div class=\"elementor-element elementor-element-f290e3d elementor-widget elementor-widget-heading\" data-id=\"f290e3d\" data-element_type=\"widget\" data-widget_type=\"heading.default\">\n\t\t\t\t\t<p class=\"elementor-heading-title elementor-size-default\">V\u00e4lityspalkkion maksaa myyj\u00e4 tai rakennuttaja.<\/p>\t\t\t\t<\/div>\n\t\t\t\t<\/div>\n\t\t<div class=\"elementor-element elementor-element-63a9e0a e-con-full e-flex e-con e-child\" data-id=\"63a9e0a\" data-element_type=\"container\">\n\t\t\t\t<div class=\"elementor-element elementor-element-5602b1d elementor-widget elementor-widget-heading\" data-id=\"5602b1d\" data-element_type=\"widget\" data-widget_type=\"heading.default\">\n\t\t\t\t\t<h3 class=\"elementor-heading-title elementor-size-default\">Hoidamme kaiken<\/h3>\t\t\t\t<\/div>\n\t\t\t\t<div class=\"elementor-element elementor-element-16ab044 elementor-widget elementor-widget-heading\" data-id=\"16ab044\" data-element_type=\"widget\" data-widget_type=\"heading.default\">\n\t\t\t\t\t<p class=\"elementor-heading-title elementor-size-default\">Huolellisesti valikoidusta kohdelistasta aina kaupanteon j\u00e4lkeiseen tukeen asti. Juridisissa kysymyksiss\u00e4 ohjaamme asiakkaan asiantuntevan juristin puoleen ja olemme tukena prosessin aikana.<\/p>\t\t\t\t<\/div>\n\t\t\t\t<\/div>\n\t\t<div class=\"elementor-element elementor-element-b2b0684 e-con-full e-flex e-con e-child\" data-id=\"b2b0684\" data-element_type=\"container\">\n\t\t\t\t<div class=\"elementor-element elementor-element-f5f90b8 elementor-widget elementor-widget-heading\" data-id=\"f5f90b8\" data-element_type=\"widget\" data-widget_type=\"heading.default\">\n\t\t\t\t\t<h3 class=\"elementor-heading-title elementor-size-default\">Paikallinen asiantuntemus<\/h3>\t\t\t\t<\/div>\n\t\t\t\t<div class=\"elementor-element elementor-element-dcd8ab3 elementor-widget elementor-widget-heading\" data-id=\"dcd8ab3\" data-element_type=\"widget\" data-widget_type=\"heading.default\">\n\t\t\t\t\t<p class=\"elementor-heading-title elementor-size-default\">L\u00f6yd\u00e4mme alueet ja yhteis\u00f6t, jotka sopivat el\u00e4m\u00e4ntyyliisi.<\/p>\t\t\t\t<\/div>\n\t\t\t\t<\/div>\n\t\t<div class=\"elementor-element elementor-element-41ccb1d e-con-full e-flex e-con e-child\" data-id=\"41ccb1d\" data-element_type=\"container\">\n\t\t\t\t<div class=\"elementor-element elementor-element-6f4bbcb elementor-widget elementor-widget-heading\" data-id=\"6f4bbcb\" data-element_type=\"widget\" data-widget_type=\"heading.default\">\n\t\t\t\t\t<h3 class=\"elementor-heading-title elementor-size-default\">Selke\u00e4 ja l\u00e4pin\u00e4kyv\u00e4 malli<\/h3>\t\t\t\t<\/div>\n\t\t\t\t<div class=\"elementor-element elementor-element-90b97b7 elementor-widget elementor-widget-heading\" data-id=\"90b97b7\" data-element_type=\"widget\" data-widget_type=\"heading.default\">\n\t\t\t\t\t<p class=\"elementor-heading-title elementor-size-default\">Yksi oma yhteyshenkil\u00f6 koko matkan ajan, selke\u00e4t vaiheet, ilman yll\u00e4tyksi\u00e4.<\/p>\t\t\t\t<\/div>\n\t\t\t\t<\/div>\n\t\t\t\t<\/div>\n\t\t\t\t<\/div>\n\t\t\t\t<\/div>\n\t\t\t\t\t<\/div>\n\t\t\t\t<\/div>\n\t\t<div class=\"elementor-element elementor-element-5b4e0cd e-flex e-con-boxed e-con e-parent\" data-id=\"5b4e0cd\" data-element_type=\"container\" data-settings=\"{&quot;background_background&quot;:&quot;classic&quot;}\">\n\t\t\t\t\t<div class=\"e-con-inner\">\n\t\t<div class=\"elementor-element elementor-element-6c27901 e-grid e-con-full e-con e-child\" data-id=\"6c27901\" data-element_type=\"container\">\n\t\t<div class=\"elementor-element elementor-element-b77386b e-con-full e-flex e-con e-child\" data-id=\"b77386b\" data-element_type=\"container\">\n\t\t<div class=\"elementor-element elementor-element-e102d0d e-con-full e-flex e-con e-child\" data-id=\"e102d0d\" data-element_type=\"container\">\n\t\t\t\t<div class=\"elementor-element elementor-element-3c4c5dc elementor-widget elementor-widget-heading\" data-id=\"3c4c5dc\" data-element_type=\"widget\" data-widget_type=\"heading.default\">\n\t\t\t\t\t<h2 class=\"elementor-heading-title elementor-size-default\">Asunnon ostaminen Espanjasta<\/h2>\t\t\t\t<\/div>\n\t\t\t\t<div class=\"elementor-element elementor-element-d63d701 elementor-widget elementor-widget-text-editor\" data-id=\"d63d701\" data-element_type=\"widget\" data-widget_type=\"text-editor.default\">\n\t\t\t\t\t\t\t\t\t<p>Vaiheittainen opastus unelmakohteen etsinn\u00e4st\u00e4 lopulliseen allekirjoitukseen \u2013 helposti ja stressitt\u00e4.<\/p>\t\t\t\t\t\t\t\t<\/div>\n\t\t\t\t<\/div>\n\t\t\t\t<div class=\"elementor-element elementor-element-30faa74 elementor-widget elementor-widget-button\" data-id=\"30faa74\" data-element_type=\"widget\" data-widget_type=\"button.default\">\n\t\t\t\t\t\t\t\t\t\t<a class=\"elementor-button elementor-button-link elementor-size-sm\" href=\"\/fi\/buy-properties\/\">\n\t\t\t\t\t\t<span class=\"elementor-button-content-wrapper\">\n\t\t\t\t\t\t\t\t\t<span class=\"elementor-button-text\">Lue lis\u00e4\u00e4<\/span>\n\t\t\t\t\t<\/span>\n\t\t\t\t\t<\/a>\n\t\t\t\t\t\t\t\t<\/div>\n\t\t\t\t<\/div>\n\t\t\t\t<div class=\"elementor-element elementor-element-46c2a1f elementor-widget elementor-widget-image\" data-id=\"46c2a1f\" data-element_type=\"widget\" data-widget_type=\"image.default\">\n\t\t\t\t\t\t\t\t\t\t\t\t\t\t\t<img decoding=\"async\" width=\"750\" height=\"750\" src=\"https:\/\/vendocosta.com\/wp-content\/uploads\/2025\/11\/spain-beach.webp\" class=\"attachment-large size-large wp-image-162\" alt=\"\" srcset=\"https:\/\/vendocosta.com\/wp-content\/uploads\/2025\/11\/spain-beach.webp 750w, https:\/\/vendocosta.com\/wp-content\/uploads\/2025\/11\/spain-beach-300x300.webp 300w, https:\/\/vendocosta.com\/wp-content\/uploads\/2025\/11\/spain-beach-150x150.webp 150w\" sizes=\"(max-width: 750px) 100vw, 750px\" \/>\t\t\t\t\t\t\t\t\t\t\t\t\t\t\t<\/div>\n\t\t\t\t<\/div>\n\t\t\t\t\t<\/div>\n\t\t\t\t<\/div>\n\t\t<div class=\"elementor-element elementor-element-3d5f69b e-flex e-con-boxed e-con e-parent\" data-id=\"3d5f69b\" data-element_type=\"container\" data-settings=\"{&quot;background_background&quot;:&quot;classic&quot;}\">\n\t\t\t\t\t<div class=\"e-con-inner\">\n\t\t\t\t<div class=\"elementor-element elementor-element-bc96ad6 elementor-widget elementor-widget-heading\" data-id=\"bc96ad6\" data-element_type=\"widget\" data-widget_type=\"heading.default\">\n\t\t\t\t\t<h2 class=\"elementor-heading-title elementor-size-default\">Palvelumme<\/h2>\t\t\t\t<\/div>\n\t\t\t\t<div class=\"elementor-element elementor-element-a53c7a4 elementor-widget elementor-widget-heading\" data-id=\"a53c7a4\" data-element_type=\"widget\" data-widget_type=\"heading.default\">\n\t\t\t\t\t<p class=\"elementor-heading-title elementor-size-default\">Vendo Costan kautta ostaminen on helppoa ja turvallista \u2013 ilman lis\u00e4kuluja ostajalle ja asiantuntevalla tuella koko matkan ajan, ensimm\u00e4isest\u00e4 hausta aina omistukseen asti.<\/p>\t\t\t\t<\/div>\n\t\t<div class=\"elementor-element elementor-element-2a407e6 e-grid e-con-full e-con e-child\" data-id=\"2a407e6\" data-element_type=\"container\">\n\t\t<div class=\"elementor-element elementor-element-0478b11 e-con-full arrow-animate-trigger-3 e-flex e-con e-child\" data-id=\"0478b11\" data-element_type=\"container\">\n\t\t\t\t<div class=\"elementor-element elementor-element-051b025 elementor-widget elementor-widget-image\" data-id=\"051b025\" data-element_type=\"widget\" data-widget_type=\"image.default\">\n\t\t\t\t\t\t\t\t\t\t\t\t\t\t\t\t<a href=\"\/fi\/buy-properties\/\">\n\t\t\t\t\t\t\t<img loading=\"lazy\" decoding=\"async\" width=\"800\" height=\"800\" src=\"https:\/\/vendocosta.com\/wp-content\/uploads\/2026\/01\/background-2-copy-1024x1024.png\" class=\"attachment-large size-large wp-image-8301\" alt=\"\" srcset=\"https:\/\/vendocosta.com\/wp-content\/uploads\/2026\/01\/background-2-copy-1024x1024.png 1024w, https:\/\/vendocosta.com\/wp-content\/uploads\/2026\/01\/background-2-copy-300x300.png 300w, https:\/\/vendocosta.com\/wp-content\/uploads\/2026\/01\/background-2-copy-150x150.png 150w, https:\/\/vendocosta.com\/wp-content\/uploads\/2026\/01\/background-2-copy-768x768.png 768w, https:\/\/vendocosta.com\/wp-content\/uploads\/2026\/01\/background-2-copy.png 1115w\" sizes=\"(max-width: 800px) 100vw, 800px\" \/>\t\t\t\t\t\t\t\t<\/a>\n\t\t\t\t\t\t\t\t\t\t\t\t\t\t\t<\/div>\n\t\t<a class=\"elementor-element elementor-element-9d75873 e-con-full e-flex e-con e-child\" data-id=\"9d75873\" data-element_type=\"container\" href=\"\/fi\/buy-properties\/\">\n\t\t\t\t<div class=\"elementor-element elementor-element-e78f48f elementor-widget elementor-widget-heading\" data-id=\"e78f48f\" data-element_type=\"widget\" data-widget_type=\"heading.default\">\n\t\t\t\t\t<span class=\"elementor-heading-title elementor-size-default\">Asunnon ostaminen<\/span>\t\t\t\t<\/div>\n\t\t\t\t<div class=\"elementor-element elementor-element-7eb50e0 animate-arrow-3 elementor-view-default elementor-widget elementor-widget-icon\" data-id=\"7eb50e0\" data-element_type=\"widget\" data-widget_type=\"icon.default\">\n\t\t\t\t\t\t\t<div class=\"elementor-icon-wrapper\">\n\t\t\t<div class=\"elementor-icon\">\n\t\t\t<svg aria-hidden=\"true\" class=\"e-font-icon-svg e-fas-arrow-right\" viewbox=\"0 0 448 512\" xmlns=\"http:\/\/www.w3.org\/2000\/svg\"><path d=\"M190.5 66.9l22.2-22.2c9.4-9.4 24.6-9.4 33.9 0L441 239c9.4 9.4 9.4 24.6 0 33.9L246.6 467.3c-9.4 9.4-24.6 9.4-33.9 0l-22.2-22.2c-9.5-9.5-9.3-25 .4-34.3L311.4 296H24c-13.3 0-24-10.7-24-24v-32c0-13.3 10.7-24 24-24h287.4L190.9 101.2c-9.8-9.3-10-24.8-.4-34.3z\"><\/path><\/svg>\t\t\t<\/div>\n\t\t<\/div>\n\t\t\t\t\t\t<\/div>\n\t\t\t\t<\/a>\n\t\t\t\t<\/div>\n\t\t<div class=\"elementor-element elementor-element-78e44bc e-con-full arrow-animate-trigger-4 e-flex e-con e-child\" data-id=\"78e44bc\" data-element_type=\"container\">\n\t\t\t\t<div class=\"elementor-element elementor-element-ed45cdd elementor-widget elementor-widget-image\" data-id=\"ed45cdd\" data-element_type=\"widget\" data-widget_type=\"image.default\">\n\t\t\t\t\t\t\t\t\t\t\t\t\t\t\t\t<a href=\"\/fi\/sell-properties\/\">\n\t\t\t\t\t\t\t<img loading=\"lazy\" decoding=\"async\" width=\"750\" height=\"750\" src=\"https:\/\/vendocosta.com\/wp-content\/uploads\/2025\/11\/costa.webp\" class=\"attachment-large size-large wp-image-206\" alt=\"\" srcset=\"https:\/\/vendocosta.com\/wp-content\/uploads\/2025\/11\/costa.webp 750w, https:\/\/vendocosta.com\/wp-content\/uploads\/2025\/11\/costa-300x300.webp 300w, https:\/\/vendocosta.com\/wp-content\/uploads\/2025\/11\/costa-150x150.webp 150w\" sizes=\"(max-width: 750px) 100vw, 750px\" \/>\t\t\t\t\t\t\t\t<\/a>\n\t\t\t\t\t\t\t\t\t\t\t\t\t\t\t<\/div>\n\t\t<a class=\"elementor-element elementor-element-bd6d005 e-con-full e-flex e-con e-child\" data-id=\"bd6d005\" data-element_type=\"container\" href=\"\/fi\/sell-properties\/\">\n\t\t\t\t<div class=\"elementor-element elementor-element-da4a6d1 elementor-widget elementor-widget-heading\" data-id=\"da4a6d1\" data-element_type=\"widget\" data-widget_type=\"heading.default\">\n\t\t\t\t\t<span class=\"elementor-heading-title elementor-size-default\">Asunnon myyminen<\/span>\t\t\t\t<\/div>\n\t\t\t\t<div class=\"elementor-element elementor-element-c9846f5 animate-arrow-4 elementor-view-default elementor-widget elementor-widget-icon\" data-id=\"c9846f5\" data-element_type=\"widget\" data-widget_type=\"icon.default\">\n\t\t\t\t\t\t\t<div class=\"elementor-icon-wrapper\">\n\t\t\t<div class=\"elementor-icon\">\n\t\t\t<svg aria-hidden=\"true\" class=\"e-font-icon-svg e-fas-arrow-right\" viewbox=\"0 0 448 512\" xmlns=\"http:\/\/www.w3.org\/2000\/svg\"><path d=\"M190.5 66.9l22.2-22.2c9.4-9.4 24.6-9.4 33.9 0L441 239c9.4 9.4 9.4 24.6 0 33.9L246.6 467.3c-9.4 9.4-24.6 9.4-33.9 0l-22.2-22.2c-9.5-9.5-9.3-25 .4-34.3L311.4 296H24c-13.3 0-24-10.7-24-24v-32c0-13.3 10.7-24 24-24h287.4L190.9 101.2c-9.8-9.3-10-24.8-.4-34.3z\"><\/path><\/svg>\t\t\t<\/div>\n\t\t<\/div>\n\t\t\t\t\t\t<\/div>\n\t\t\t\t<\/a>\n\t\t\t\t<\/div>\n\t\t\t\t<\/div>\n\t\t\t\t\t<\/div>\n\t\t\t\t<\/div>\n\t\t\t\t<\/div>","protected":false},"excerpt":{"rendered":"<p>Find Your Place in the Sun \u2014 We&#8217;ll Handle the Rest With Vendo Costa \u2013 where exceptional service meets world-class property expertise. Find Your Place in the Sun \u2014 We&#8217;ll Handle the Rest With Vendo Costa \u2013 where exceptional service meets world-class property expertise. View available locations New builds and resale homes across the Costa [&hellip;]<\/p>","protected":false},"author":2,"featured_media":0,"parent":0,"menu_order":0,"comment_status":"closed","ping_status":"closed","template":"","meta":{"om_disable_all_campaigns":false,"_monsterinsights_skip_tracking":false,"_monsterinsights_sitenote_active":false,"_monsterinsights_sitenote_note":"","_monsterinsights_sitenote_category":0,"footnotes":""},"class_list":["post-10","page","type-page","status-publish","hentry"],"aioseo_notices":[],"_links":{"self":[{"href":"https:\/\/vendocosta.com\/fi\/wp-json\/wp\/v2\/pages\/10","targetHints":{"allow":["GET"]}}],"collection":[{"href":"https:\/\/vendocosta.com\/fi\/wp-json\/wp\/v2\/pages"}],"about":[{"href":"https:\/\/vendocosta.com\/fi\/wp-json\/wp\/v2\/types\/page"}],"author":[{"embeddable":true,"href":"https:\/\/vendocosta.com\/fi\/wp-json\/wp\/v2\/users\/2"}],"replies":[{"embeddable":true,"href":"https:\/\/vendocosta.com\/fi\/wp-json\/wp\/v2\/comments?post=10"}],"version-history":[{"count":335,"href":"https:\/\/vendocosta.com\/fi\/wp-json\/wp\/v2\/pages\/10\/revisions"}],"predecessor-version":[{"id":8670,"href":"https:\/\/vendocosta.com\/fi\/wp-json\/wp\/v2\/pages\/10\/revisions\/8670"}],"wp:attachment":[{"href":"https:\/\/vendocosta.com\/fi\/wp-json\/wp\/v2\/media?parent=10"}],"curies":[{"name":"wp","href":"https:\/\/api.w.org\/{rel}","templated":true}]}}