{"id":3,"date":"2025-10-23T11:18:26","date_gmt":"2025-10-23T11:18:26","guid":{"rendered":"https:\/\/vendocosta.com\/?page_id=3"},"modified":"2026-02-26T09:38:13","modified_gmt":"2026-02-26T09:38:13","slug":"privacy","status":"publish","type":"page","link":"https:\/\/vendocosta.com\/fi\/privacy\/","title":{"rendered":"Tietosuojaseloste"},"content":{"rendered":"<h2 class=\"wp-block-heading\">1. Yleist\u00e4<\/h2>\n\n\n\n<p>T\u00e4ss\u00e4 rekisteriselosteessa kuvataan, miten Vendo Costa SL ja Vendo \u2013ketju k\u00e4sittelev\u00e4t rekister\u00f6ityj\u00e4 henkil\u00f6tietoja. Vendo Costa SL:n omistaa valtakunnallisen Vendo \u2013kiinteist\u00f6nv\u00e4litysketjun. Vendo Costa SL vastaa Vendo -ketjun ohjauksesta.<\/p>\n\n\n\n<p>T\u00e4ss\u00e4 selosteessa kuvattu koskee ainoastaan Vendo Costa SL:n ja Vendo -ketjun taikka puolestamme toimivien tahojen tietojenk\u00e4sittelyn tapoja. Palvelumme voivat kuitenkin sis\u00e4lt\u00e4\u00e4 linkkej\u00e4 kolmansien osapuolten sivustoihin ja yhteis\u00f6palveluihin, mutta emme voi kontrolloida t\u00e4llaisten kolmansien osapuolten toimista, emmek\u00e4 vastaa n\u00e4iden kolmansien palveluiden yksityisyydensuojak\u00e4yt\u00e4nn\u00f6ist\u00e4 tai sis\u00e4ll\u00f6ist\u00e4. Suosittelemme tutustumaan n\u00e4iden palveluiden yksityisyydensuojaa ja tietosuojaa koskeviin ehtoihin.<\/p>\n\n\n\n<p>T\u00e4m\u00e4 seloste on tietosuojalain ja Euroopan Unionin yleisen tietosuoja-asetuksen (2016\/679\/EU) mukainen yhdistetty tietosuojaseloste ja informointiasiakirja.<\/p>\n\n\n\n<h2 class=\"wp-block-heading\">2. Rekisterinpit\u00e4j\u00e4n ja tietosuojavastaavan yhteystiedot:<\/h2>\n\n\n\n<p>Vendo Costa SL \/ tietosuojavastaava<br>Calle Jaspe Benalm\u00e1dena<br>29631 Spain<\/p>\n\n\n\n<h2 class=\"wp-block-heading\">3. Rekisterin pit\u00e4misen peruste<\/h2>\n\n\n\n<p>Vendo-ketjulla ensisijainen k\u00e4sittelyperuste on sopimus, mukaan lukien sopimuksen valmistelu ja t\u00e4yt\u00e4nt\u00f6\u00f6npano. Sopimusperustetta k\u00e4ytet\u00e4\u00e4n silt\u00e4 osin, kuin ker\u00e4ttyj\u00e4 henkil\u00f6tietoja tarvitaan Vendo Costa SL:n verkkopalveluiden tai Vendo-ketjun palveluiden k\u00e4ytt\u00e4miseksi.<\/p>\n\n\n\n<p>Vendo-ketju k\u00e4ytt\u00e4\u00e4 k\u00e4sittelyperusteena my\u00f6s asiakkaan suostumusta esimerkiksi Vendon asuntovahdissa.<\/p>\n\n\n\n<p>Vendo Costa SL:ll\u00e4 on oikeutettu etu k\u00e4sitell\u00e4 asiakastietoja tilanteessa, jossa asiakasrekisteriin merkitty henkil\u00f6 tekee toimeksiannon Vendo-ketjuun kuuluvan toimiston kanssa tai on muuten osallisena t\u00e4llaisessa toimeksiannossa, esimerkiksi kaupan osapuolena, tarjouksen tekij\u00e4n\u00e4, vuokralaisena tai vuokrahakemuksen j\u00e4tt\u00e4j\u00e4n\u00e4. Oikeutettu etu koskee my\u00f6s asiakastietoja tilanteessa, jossa asiakasrekisteriin merkitty henkil\u00f6 k\u00e4ytt\u00e4\u00e4 Vendon-ketjun tarjoamia muita palveluita, esimerkiksi asuntovahtia.<\/p>\n\n\n\n<p>Vendo Costa SL:n oikeutettuun etuun perustuu my\u00f6s asiakastietojen k\u00e4sittely esimerkiksi petosten tai Vendo-ketjun verkkopalveluiden v\u00e4\u00e4rink\u00e4yt\u00f6sten ehk\u00e4isyss\u00e4 ja selvitt\u00e4misess\u00e4.<\/p>\n\n\n\n<h2 class=\"wp-block-heading\">4. Asiakastietojen k\u00e4sittely Vendo-ketjussa<\/h2>\n\n\n\n<p>Vendo-ketjun asiakkaat, jotka ovat toimeksiannon osapuolena tai k\u00e4ytt\u00e4v\u00e4t Vendo Costa SL:n tai Vendo-ketjun tarjoamaa palvelua, ovat asiakassuhteessa Vendo Costa SL:n kanssa. Vendo Costa SL:ll\u00e4 on Vendo-ketjun asiakastietojen rekisterinpit\u00e4j\u00e4n\u00e4 p\u00e4\u00e4vastuu asiakastietojen k\u00e4sittelyst\u00e4 niiden ohjelmistojen osalta, joihin Vendo Costa SL velvoittaa ja\/tai ohjeistaa toimistot asiakasrekisterit tallentamaan.<\/p>\n\n\n\n<p>Yksitt\u00e4isten toimeksiantojen (esimerkiksi asunnon myynti\/vuokraus) ja yksitt\u00e4isten asiakkaiden osalta (esimerkiksi asuntoesittelyss\u00e4 k\u00e4vij\u00e4) Vendon toimistot k\u00e4ytt\u00e4v\u00e4t my\u00f6s muita kuin Vendo Costa SL:n velvoittamia ja\/tai ohjeistamia asiakasrekistereit\u00e4. N\u00e4ihin rekistereihin yritykset tallentavat sek\u00e4 Vendo-ketjun asiakkaiden ett\u00e4 toimiston omien asiakkaiden tietoja.<\/p>\n\n\n\n<p>Esimerkki toimiston yll\u00e4pit\u00e4m\u00e4st\u00e4 Vendo-ketjun asiakkaiden rekisterist\u00e4: Toimeksiannon ja siihen liittyvien asiakirjojen arkistointi.<\/p>\n\n\n\n<p>Esimerkki toimiston omien asiakkaiden rekisterist\u00e4: Asiakas ei halua Vendo-ketjun Asuntovahtia, mutta j\u00e4tt\u00e4\u00e4 yhteystietonsa toimistolle, joka ilmoittaa asiakkaalle, kun sopiva asunto l\u00f6ytyy.<\/p>\n\n\n\n<p>N\u00e4iden muiden asiakasrekistereiden rekisterinpit\u00e4j\u00e4n\u00e4 toimii toimisto itse.<\/p>\n\n\n\n<h2 class=\"wp-block-heading\">5. Henkil\u00f6- ja asiakastietojen k\u00e4sittelyn ja rekisterin k\u00e4ytt\u00f6tarkoitus<\/h2>\n\n\n\n<p>Vendo Costa SL ja Vendo-ketju k\u00e4sittelev\u00e4t henkil\u00f6- ja asiakastietoja asiakas- tai siihen verrattavissa olevaan suhteeseen perustuvien asiallisten yhteyksien hoitamisessa, hallinnoimisessa, analysoinnissa sek\u00e4 kehitt\u00e4misess\u00e4. N\u00e4ihin lukeutuu asiakasviestint\u00e4 eri muodoissa, my\u00f6s s\u00e4hk\u00f6isesti.<\/p>\n\n\n\n<p>Henkil\u00f6- ja asiakastietoja voivat k\u00e4sitell\u00e4 my\u00f6s Vendo-ketjuun kuuluvat yritykset sek\u00e4 Vendo Costa SL:n kanssa samaan konserniin tai taloudelliseen yhteenliittym\u00e4\u00e4n kuuluvat yritykset. K\u00e4ytt\u00f6tarkoituksena voi silloin olla markkinointi (my\u00f6s suoramarkkinointi) sek\u00e4 erilaiset markkina- ja mielipidetutkimukset. Markkinointia ja tutkimuksia voidaan toteuttaa my\u00f6s s\u00e4hk\u00f6isesti. Markkinoinnissa voidaan asiakasprofiilissa k\u00e4ytt\u00e4\u00e4 my\u00f6s kolmannelta osapuolelta saatuja rekisterin ulkopuolisia tietoja.<\/p>\n\n\n\n<h2 class=\"wp-block-heading\">6. Henkil\u00f6- ja asiakastietojen ker\u00e4\u00e4minen ja tietojen ajantasaisuuden varmistaminen<\/h2>\n\n\n\n<p>P\u00e4\u00e4s\u00e4\u00e4nt\u00f6isesti henkil\u00f6tietoja ker\u00e4t\u00e4\u00e4n henkil\u00f6lt\u00e4 itselt\u00e4\u00e4n lomakkeella, suoraan j\u00e4rjestelm\u00e4\u00e4n, s\u00e4hk\u00f6postilla, puhelimella, mobiilisovelluksella tai muulla vastaavalla tavalla.<\/p>\n\n\n\n<p>Vendo-ketjuun kuuluvien yritysten toiminnan kautta yll\u00e4 mainituin tavoin.<\/p>\n\n\n\n<p>Ev\u00e4steiden tai muiden vastaavien tekniikoiden avulla rekister\u00f6idyn p\u00e4\u00e4telaitteista.<\/p>\n\n\n\n<p>Vendo Costa SL:n kanssa samaan konserniin tai samaan taloudelliseen yhteyteen kuuluvien yhti\u00f6iden muista rekistereist\u00e4.<\/p>\n\n\n\n<p>VRK\/V\u00e4est\u00f6tietoj\u00e4rjestelm\u00e4st\u00e4, Postin osoitetietoj\u00e4rjestelm\u00e4st\u00e4 ja muista vastaavista yksityisist\u00e4 ja julkisista rekistereist\u00e4.<\/p>\n\n\n\n<p>Tietojen ajantasaisuus varmistetaan p\u00e4\u00e4s\u00e4\u00e4nt\u00f6isesti samoilla toimilla, joilla henkil\u00f6tiedot on ker\u00e4tty alun perin. Tietoja voidaan p\u00e4ivitt\u00e4\u00e4 my\u00f6s Vendo Costa SL:n kanssa samaan konserniin tai taloudelliseen yhteyteen kuuluvien yhti\u00f6iden muista rekistereist\u00e4. Tietoja voidaan p\u00e4ivitt\u00e4\u00e4 my\u00f6s henkil\u00f6tietoja koskevia palveluja tarjoavilta yrityksilt\u00e4 ja viranomaisilta.<\/p>\n\n\n\n<p>Mik\u00e4li asiakas- tai siihen verrattavissa oleva suhde ei ole aktiivinen, mutta asiakastietoja ei ole poistettu, henkil\u00f6tiedot tarkistetaan t\u00e4m\u00e4n suhteen taas aktivoituessa. Lis\u00e4tietoja asiakastietojen poistamisen aikataulusta kohdassa 9. Tietojen s\u00e4ilytt\u00e4misaika.<\/p>\n\n\n\n<h2 class=\"wp-block-heading\">7. Asiakasrekisterin tietosis\u00e4lt\u00f6<\/h2>\n\n\n\n<p>Asiakasrekisteri voi sis\u00e4lt\u00e4\u00e4 seuraaviin ryhmiin kuuluvia tietoja:<\/p>\n\n\n\n<p>a) Perustiedot:<br>\u2013 Nimi<br>\u2013 Henkil\u00f6tunnus<br>\u2013 Yhteystiedot (osoite, puhelinnumero, s\u00e4hk\u00f6postiosoite yms.)<br>\u2013 Kieli<br>\u2013 Kansalaisuus<br>\u2013 Yrityst\u00e4 tai vastaavaa edustaessa rekister\u00f6idyn asemaa\/teht\u00e4v\u00e4\u00e4 koskevat tiedot<\/p>\n\n\n\n<p>b) Toimeksiannon tiedot, kun toimeksianto on tehty Vendon kanssa:<br>\u2013 Sopimuksen alkamisp\u00e4iv\u00e4 ja voimassaoloaika<br>\u2013 Toimeksiannon sis\u00e4lt\u00f6 ja ehdot, esimerkiksi sopimukset markkinoinnista, myyntihinta tai vuokra ja sit\u00e4 koskevat lis\u00e4tiedot, v\u00e4lityspalkkio<br>\u2013 Toimeksiannon kohdetta koskevat tiedot, esimerkiksi omistussuhde, saantotapa ja -p\u00e4iv\u00e4 mahdollinen k\u00e4ytt\u00f6 vakituisena asuntona, mahdollinen k\u00e4ytt\u00f6 yhteisen\u00e4 kotina, mahdollista vuokralaista ja vuokrasuhdetta koskevat tiedot<br>\u2013 Toimeksiannon hoitamisen aikana tehdyt toimenpiteet, esimerkiksi j\u00e4rjestetyt esittelyt, vastaanotetut tarjoukset tai vuokrahakemukset ja niiden sis\u00e4lt\u00f6 (esimerkiksi tarjouksen tekij\u00e4 ja tarjouksen ehdot tai vuokrahakija ja hakemuksen tiedot).<br>\u2013 Toimeksiannon loppuun suorittamista (kauppa, vuokraus) koskevat tiedot (esimerkiksi myyjien ja ostajien tai vuokranantajien ja vuokralaisten nimet, yhteystiedot, sopimuksen kohde, kauppahinta tai vuokra, muut sopimuksen ehdot, lopullinen v\u00e4lityspalkkio)<\/p>\n\n\n\n<p>c) Muut tiedot:<br>\u2013 Asiakkuuden tai siihen verrattavan suhteen alkamis- ja p\u00e4\u00e4ttymistiedot<br>\u2013 Vendo-ketjun s\u00e4hk\u00f6isi\u00e4 palveluita koskevat rekisteritiedot, esimerkiksi k\u00e4ytt\u00e4j\u00e4tunnus ja salasana<br>\u2013 Asiakkaan k\u00e4ytt\u00e4mien p\u00e4\u00e4telaitteiden selaimille l\u00e4hetetyt ev\u00e4steet ja niihin liittyv\u00e4t tiedot sek\u00e4 asiakkaan p\u00e4\u00e4telaitteen l\u00e4hett\u00e4m\u00e4t tekniset tiedot (esimerkiksi selain, selainversio, IP-osoite)<br>\u2013 Mielenkiinnon kohteet ja muut asiakkaan itse antamat tiedot, esimerkiksi Asuntovahtia varten<br>\u2013 Palvelujen muut tapahtumatiedot<br>\u2013 Laskutus- ja perint\u00e4tiedot<br>\u2013 Reklamaatiot ja palautteet sek\u00e4 niiden k\u00e4sittelytiedot<br>\u2013 Lupatiedot ja \u2013kiellot, esimerkiksi suoramarkkinointilupa ja \u2013kielto<br>\u2013 Vuokralaisen luottotiedot ja muut taloudelliset tiedot vuokranmaksukyvyn arvioimista varten<br>\u2013 Asiakkuuteen tai siihen verrattavaan suhteeseen liittyv\u00e4 viestint\u00e4 ja yhteydenpito toimintoineen, mahdolliset puheluiden taltioinnit<\/p>\n\n\n\n<p>d) Rahanpesulain edellytt\u00e4m\u00e4t tiedot:<br>- Nimi, syntym\u00e4aika ja henkil\u00f6tunnus<br>\u2013 Edustajan nimi, syntym\u00e4aika ja henkil\u00f6tunnus<br>\u2013 Oikeushenkil\u00f6n t\u00e4ydellinen nimi, rekisterinumero, rekister\u00f6imisp\u00e4iv\u00e4 ja rekisteriviranomainen<br>\u2013 Oikeushenkil\u00f6n hallituksen tai vastaavan p\u00e4\u00e4tt\u00e4v\u00e4n elimen j\u00e4senten t\u00e4ydelliset nimet, syntym\u00e4ajat ja kansalaisuudet<br>\u2013 Oikeushenkil\u00f6n toimiala<br>\u2013 Tosiasiallisten edunsaajien nimi, syntym\u00e4aika ja henkil\u00f6tunnus<br>\u2013 Henkil\u00f6llisyyden todentamisessa k\u00e4ytetyn asiakirjan nimi, asiakirjan numero tai muu tunnistetieto ja my\u00f6nt\u00e4j\u00e4 taikka kopio asiakirjasta tai jos asiakas on et\u00e4tunnistettu, tiedot todentamisessa k\u00e4ytetyst\u00e4 menettelyst\u00e4 tai l\u00e4hteist\u00e4<br>\u2013 Tiedot asiakkaan toiminnasta, liiketoiminnan laadusta ja laajuudesta, taloudellisesta asemasta, perusteet liiketoimen tai palvelun k\u00e4yt\u00f6lle ja tiedot varojen alkuper\u00e4st\u00e4 sek\u00e4 muut Rahanpesulain 4 \u00a7:n 1 momentissa tarkoitetut Asiakkaan tuntemiseksi hankitut tarpeelliset tiedot<br>\u2013 Rahanpesulain 4 \u00a7 3. mom. mukaiset varojen alkuper\u00e4n selvitt\u00e4miseen liittyv\u00e4t tiedot, ja 13 \u00a7:n mukaiset poliittisesti vaikutusvaltaiseen henkil\u00f6\u00f6n liittyv\u00e4n tehostetun tuntemisvelvollisuuden t\u00e4ytt\u00e4miseksi hankitut v\u00e4ltt\u00e4m\u00e4tt\u00f6m\u00e4t tiedot<br>\u2013 Ulkomaalaisen asiakkaan, jolla ei ole suomalaista henkil\u00f6tunnusta, osalta tieto asiakkaan kansalaisuudesta ja matkustusasiakirjan tiedot<br>Edell\u00e4 mainittujen tietojen muutostiedot<\/p>\n\n\n\n<h2 class=\"wp-block-heading\">8. Lakiin tai sopimukseen perustuvat vaatimukset<\/h2>\n\n\n\n<p>Kiinteist\u00f6nv\u00e4litysliikkeit\u00e4 koskeva lains\u00e4\u00e4d\u00e4nt\u00f6, ml. laki kiinteist\u00f6nv\u00e4litysliikkeist\u00e4 ja vuokrahuoneiston v\u00e4litysliikkeist\u00e4 (1075\/2000) ja laki kiinteist\u00f6jen ja vuokrahuoneistojen v\u00e4lityksest\u00e4 (1074\/2000) ja niihin perustuva toimeksiantojen hoitaminen sek\u00e4 asiakkaan omien hakujen selvitt\u00e4minen edellytt\u00e4v\u00e4t kohdassa 7. Asiakasrekisterin tietosis\u00e4lt\u00f6 mainittujen tietojen tallentamista, k\u00e4ytt\u00e4mist\u00e4 ja s\u00e4ilytt\u00e4mist\u00e4. V\u00e4litysliikkeen tulee mm. pit\u00e4\u00e4 toimeksiantop\u00e4iv\u00e4kirjaa, johon kuhunkin toimeksiantoon liittyv\u00e4t henkil\u00f6-, kohde- ja tapahtumatiedot asiakirjoineen tallennetaan<\/p>\n\n\n\n<p>Lain rahanpesun ja terrorismin rahoittamisen est\u00e4misest\u00e4 (444\/2017) 3 luvun 3 \u00a7:n mukaisesti asiakkaan tuntemistietoja ja muita lain mukaisia henkil\u00f6tietoja tallennetaan, s\u00e4ilytet\u00e4\u00e4n ja voidaan k\u00e4ytt\u00e4\u00e4 rahanpesun ja terrorismin rahoittamisen est\u00e4miseen, paljastamiseen ja selvitt\u00e4miseen sek\u00e4 rahanpesun ja terrorismin rahoittamisen ja sen rikoksen, jolla rahanpesun tai terrorismin rahoittamisen kohteena oleva omaisuus tai rikoshy\u00f6ty on saatu, tutkintaan saattamista varten. Asiakkaan tuntemistietoja tai muita henkil\u00f6tietoja, jotka on hankittu ainoastaan rahanpesun ja terrorismin rahoittamisen est\u00e4miseksi ja paljastamiseksi, ei k\u00e4ytet\u00e4 tarkoitukseen, joka on yhteen sopimaton n\u00e4iden tarkoitusten kanssa.<\/p>\n\n\n\n<h2 class=\"wp-block-heading\">9. Tietojen s\u00e4ilytt\u00e4misaika<\/h2>\n\n\n\n<p>Toimeksiantojen tietoja, asiakirjoja sek\u00e4 niihin liittyvi\u00e4 henkil\u00f6tietoja s\u00e4ilytet\u00e4\u00e4n p\u00e4\u00e4s\u00e4\u00e4nt\u00f6isesti kymmenen (10) vuotta toimeksiannon p\u00e4\u00e4ttymisest\u00e4 toimeksiantoon liittyvien, lains\u00e4\u00e4d\u00e4nt\u00f6\u00f6n ja hyv\u00e4\u00e4n v\u00e4litystapaan perustuvien velvoite- ja vastuukysymysten vuoksi.<\/p>\n\n\n\n<p>Rahanpesulain mukaisia tietoja s\u00e4ilytet\u00e4\u00e4n viisi (5) vuotta, jollei kyseisten tietojen edelleen s\u00e4ilytt\u00e4minen ole tarpeen rikostutkinnan, vireill\u00e4 olevan oikeudenk\u00e4ynnin taikka rekisterinpit\u00e4j\u00e4n tai sen palveluksessa olevan oikeuksien turvaamiseksi. Tietojen ja asiakirjojen edelleen s\u00e4ilytt\u00e4misen tarpeellisuus tutkitaan t\u00e4ll\u00f6in viimeist\u00e4\u00e4n kolmen (3) vuoden kuluttua edellisest\u00e4 s\u00e4ilytt\u00e4misen tarpeellisuuden tarkistamisesta (Lain rahanpesun ja terrorismin rahoittamisen est\u00e4misest\u00e4, 444\/2017, 4 \u00a7).<\/p>\n\n\n\n<p>Muut henkil\u00f6tiedot poistetaan sen j\u00e4lkeen, kun henkil\u00f6tiedon s\u00e4ilytt\u00e4miselle ei en\u00e4\u00e4 ole tarvetta. Mik\u00e4li henkil\u00f6tietojen ker\u00e4\u00e4minen ja s\u00e4ilytt\u00e4minen on perustunut ainoastaan Asiakkaan suostumukseen, poistetaan henkil\u00f6tiedot t\u00e4m\u00e4n pyynn\u00f6st\u00e4.<\/p>\n\n\n\n<h2 class=\"wp-block-heading\">10. Asiakastietojen k\u00e4sittelij\u00e4t<\/h2>\n\n\n\n<p>Vendo Costa SL:n ty\u00f6ntekij\u00f6iden lis\u00e4ksi asiakastietoja voivat k\u00e4sitell\u00e4 Vendon ty\u00f6ntekij\u00e4t voimassa olevan tietosuojalains\u00e4\u00e4d\u00e4nn\u00f6n mukaisesti. Henkil\u00f6tietojen k\u00e4sittely voidaan osittain ulkoistaa kolmannelle osapuolelle, jolloin sopimusj\u00e4rjestelyin taataan, ett\u00e4 henkil\u00f6tietoja k\u00e4sitell\u00e4\u00e4n voimassa olevan tietosuojalains\u00e4\u00e4d\u00e4nn\u00f6n mukaisesti ja muutoin asianmukaisesti.<\/p>\n\n\n\n<h2 class=\"wp-block-heading\">11. Tietojen luovutus<\/h2>\n\n\n\n<p>Rekisterinpit\u00e4j\u00e4 voi luovuttaa henkil\u00f6tietoja voimassaolevan lains\u00e4\u00e4d\u00e4nn\u00f6n sallimisissa ja velvoittavissa rajoissa, sek\u00e4 osapuolten v\u00e4lisen sopimuksen toteuttamiseksi tai asiallisen yhteyden t\u00e4yttyess\u00e4. Henkil\u00f6tietoja voidaan luovuttaa siten esimerkiksi aluehallintovirastolle ja muille viranomaisille, kaupanteon yhteydess\u00e4 kaupan osapuolten pankeille ja toimeksiannon eri vaiheissa mm. is\u00e4nn\u00f6itsij\u00e4lle ja maanmittauslaitokselle.<\/p>\n\n\n\n<p>Tietoja saatetaan siirt\u00e4\u00e4 tai luovuttaa Euroopan unionin tai Euroopan talousalueen ulkopuolelle lain sallimin tavoin, mik\u00e4li tiedot siirret\u00e4\u00e4n maahan, jossa Euroopan komissio on todennut tietosuojan tason olevan riitt\u00e4v\u00e4, tai sopimusj\u00e4rjestelyin voidaan taata tietosuojan riitt\u00e4v\u00e4 taso. EU:n ulkopuolelle pyrit\u00e4\u00e4n luovuttamana mahdollisimman v\u00e4h\u00e4n tietoja tai tietoja, jotka ovat muutenkin julkisia, esimerkiksi asuntoilmoituksessa Internet-sivustolla n\u00e4kyv\u00e4t tiedot. Esimerkiksi asuntoa voidaan markkinoida Facebookissa tai vastaavissa palveluissa. Asiakas voi saada suoramarkkinointia erillisen s\u00e4hk\u00f6postiohjelmiston (esimerkiksi CRM) kautta ja t\u00e4m\u00e4 ohjelmisto voi sijaita EU:n ulkopuolella. Siirto EU:n ulkopuolelle voi v\u00e4liaikaisesti tapahtua my\u00f6s erilaisten pilvipalvelujen k\u00e4ytt\u00e4misen yhteydess\u00e4, kuten esim. OneDriven, iCloudin tai Dropboxin yhteydess\u00e4.<\/p>\n\n\n\n<p>Viranomaisille tietoja luovutetaan lain edellytt\u00e4miss\u00e4 tapauksissa.<\/p>\n\n\n\n<p>Kauppahinta- ja kaupan kohteen muita tietoja luovutetaan lis\u00e4ksi Kiinteist\u00f6nv\u00e4litysalan Keskusliitto (KVKL) ry:lle, jossa tiedot tallennetaan kiinteist\u00f6nv\u00e4litt\u00e4jien k\u00e4ytt\u00e4m\u00e4\u00e4n KVKL:n hintaseurantapalveluun (HSP) palvelun edellytt\u00e4m\u00e4ss\u00e4 laajuudessa. HSP:sta tietoja voidaan luovuttaa edelleen HSP:n asiakkaille. Kyseisen palvelun tietosuojaseloste on luettavissa osoitteessa <a href=\"http:\/\/www.hintaseurantapalvelu.fi\/tietosuoja\">http:\/\/www.hintaseurantapalvelu.fi\/tietosuoja<\/a><\/p>\n\n\n\n<p>Rekisterinpit\u00e4j\u00e4n tietohallinnon ulkoistamisen yhteydess\u00e4 henkil\u00f6tietojen k\u00e4sittely\u00e4 voi tapahtua my\u00f6s rekisterinpit\u00e4j\u00e4n alihankkijoiden toimesta, mutta t\u00e4ll\u00f6in vain rekisterinpit\u00e4j\u00e4n lukuun. Sellaisia alihankkijoita voivat olla esim. kiinteist\u00f6nv\u00e4litysj\u00e4rjestelmien ja markkinointij\u00e4rjestelmien palveluntarjoajat sek\u00e4 asuntojen myynti-ilmoitusportaaleja yll\u00e4pit\u00e4v\u00e4t tahot.<\/p>\n\n\n\n<p>Tietoja voidaan luovuttaa Vendo-ketjun tai siihen kuuluvan toimiston valitsemalle yhteisty\u00f6kumppanille markkinointitarkoituksiin, mik\u00e4li markkinointi tukee asiakasrekisterin k\u00e4ytt\u00f6tarkoitusta.<\/p>\n\n\n\n<p>Vendo Costa SL k\u00e4ytt\u00e4\u00e4 ulkopuolisia palveluntarjoajia esimerkiksi tietoj\u00e4rjestelmien ja ohjelmistojen tarjoamiseen ja yll\u00e4pit\u00e4miseen sek\u00e4 muiden tietojenk\u00e4sittelypalvelujen tarjoamiseen. Vendo Costa SL siirt\u00e4\u00e4 henkil\u00f6tietoja n\u00e4ille ulkopuolisille palveluntarjoajille, jotta he voivat hoitaa sovitut teht\u00e4v\u00e4ns\u00e4. Vendo Costa SL on sopimuksin varmistanut, ett\u00e4 ulkopuoliset palveluntarjoajat k\u00e4sittelev\u00e4t henkil\u00f6tietoja vain kirjallisten sopimusten ohjeiden perusteella ja vain niihin tarkoituksiin, jotka t\u00e4ss\u00e4 tietosuojaselosteessa on m\u00e4\u00e4ritelty.<\/p>\n\n\n\n<h2 class=\"wp-block-heading\">12. Automaattinen p\u00e4\u00e4t\u00f6ksenteko ja profilointi<\/h2>\n\n\n\n<p>Rekisterinpit\u00e4j\u00e4 ei tee henkil\u00f6tietojen pohjalta asiakkaaseen kohdistuvaa profilointia tai k\u00e4yt\u00e4 automaattista p\u00e4\u00e4t\u00f6ksentekoa.<\/p>\n\n\n\n<h2 class=\"wp-block-heading\">13. Ev\u00e4steet ja selailun seuranta<\/h2>\n\n\n\n<p>Vendo-ketju voi ker\u00e4t\u00e4 k\u00e4ytt\u00e4j\u00e4n p\u00e4\u00e4telaitteita koskevia tietoja ev\u00e4steiden (cookies) sek\u00e4 muiden vastaavien tekniikoiden avulla. Ev\u00e4ste on pieni tekstitiedosto, jonka sivusto l\u00e4hett\u00e4\u00e4 selaimelle, joka tallentaa sen laitteelle. Ev\u00e4steiden avulla Vendo-ketju voi tunnistaa k\u00e4ytt\u00e4j\u00e4n selaimen ja n\u00e4in saatuja tietoja voidaan k\u00e4ytt\u00e4\u00e4 esimerkiksi sivustojamme k\u00e4ytt\u00e4vien selainten laskemiseen ja sivuston k\u00e4yt\u00f6n analysointiin, esimerkiksi tilastolliseen seurantaa. Ev\u00e4steet antavat mahdollisuuden tarkastella ja seurata sivustojen k\u00e4ytt\u00e4jien kiinnostuksen kohteita ja sen perusteella Vendo-ketju pystyy kehitt\u00e4m\u00e4\u00e4n verkkosivujaan. Ker\u00e4tyt tiedot ovat nimett\u00f6mi\u00e4 eik\u00e4 verkossa suoritettuja toimintoja voida niiden avulla liitt\u00e4\u00e4 tiettyyn henkil\u00f6\u00f6n.<\/p>\n\n\n\n<p>Useimmat Internet-selaimet hyv\u00e4ksyv\u00e4t ev\u00e4steet automaattisesti. K\u00e4ytt\u00e4j\u00e4 voi itse vaihtaa selaimen asetuksia ja poistaa ev\u00e4steet k\u00e4yt\u00f6st\u00e4 tai kielt\u00e4\u00e4 niiden k\u00e4yt\u00f6n.<\/p>\n\n\n\n<h2 class=\"wp-block-heading\">14. Sijaintitiedot<\/h2>\n\n\n\n<p>K\u00e4ytt\u00e4j\u00e4n p\u00e4\u00e4telaitteen sijaintitietoja voidaan k\u00e4ytt\u00e4\u00e4 sijaintiperusteisen palveluiden tarjoamiseksi, esimerkiksi kohdennetun mainonnan esitt\u00e4miseksi, mik\u00e4li k\u00e4ytt\u00e4j\u00e4 on antanut sijaintitietojen hy\u00f6dynt\u00e4miseen nimenomaisen suostumuksensa tai mik\u00e4li sijaintitiedot on tehty anonyymeiksi.<\/p>\n\n\n\n<p>Sijaintitiedot m\u00e4\u00e4ritet\u00e4\u00e4n k\u00e4ytett\u00e4viss\u00e4 olevien paikannusmenetelmien, kuten GPS:n ja WLAN-yhteyspisteiden sek\u00e4 matkapuhelinverkon tukiasemien sijaintien avulla. K\u00e4ytt\u00e4j\u00e4 voi peruuttaa suostumuksensa milloin tahansa p\u00e4\u00e4telaitteen ja sovelluksen asetuksista.<\/p>\n\n\n\n<h2 class=\"wp-block-heading\">15. Rekister\u00f6idyn oikeudet<\/h2>\n\n\n\n<p>Asiakkaalla on oikeus tarkastaa, mit\u00e4 h\u00e4nt\u00e4 koskevia tietoja on tallennettu asiakasrekisteriin.<\/p>\n\n\n\n<p>Asiakkaan on esitett\u00e4v\u00e4 tarkastuspyynt\u00f6 rekisterinpit\u00e4j\u00e4lle kirjallisesti omak\u00e4tisesti allekirjoitetussa muodossa tai sit\u00e4 vastaavalla tavalla varmennetussa asiakirjassa.<\/p>\n\n\n\n<p>Edell\u00e4 sanotusta poiketen, asiakkaalla ei ole oikeutta tarkastaa rahanpesulaissa s\u00e4\u00e4detyn ilmoitus- tai selonottovelvollisuuden t\u00e4ytt\u00e4miseksi hankittuja tietoja (Rahanpesulain 4:3 \u00a7).<\/p>\n\n\n\n<p>Tietosuojavaltuutettu voi kuitenkin asiakkaan pyynn\u00f6st\u00e4 tarkastaa n\u00e4iden tietojen k\u00e4sittelyn lainmukaisuuden.<\/p>\n\n\n\n<p>Rekisterinpit\u00e4j\u00e4 toimittaa edell\u00e4 mainitut tiedot asiakkaalle 30 p\u00e4iv\u00e4n kuluessa tarkastuspyynn\u00f6n esitt\u00e4misest\u00e4.<\/p>\n\n\n\n<p>Asiakkaalla on oikeus saada h\u00e4nt\u00e4 koskevat itse toimittamansa asiakastiedot siirretyksi kolmannelle osapuolelle j\u00e4sennellysti ja yleisesti k\u00e4yt\u00f6ss\u00e4 olevassa koneellisesti luettavassa muodossa. Rekisterinpit\u00e4j\u00e4 s\u00e4ilytt\u00e4\u00e4 kuitenkin siirretyt tiedot t\u00e4m\u00e4n tietosuojaselosteen mukaisesti.<\/p>\n\n\n\n<p>Jos asiakas pyyt\u00e4\u00e4 useampia j\u00e4ljenn\u00f6ksi\u00e4, Vendo Costa SL voi peri\u00e4 niist\u00e4 hallinnollisiin kustannuksiin perustuvan kohtuullisen maksun.<\/p>\n\n\n\n<p>Asiakkaalla on oikeus pyyt\u00e4\u00e4 Vendo Costa SL:lt\u00e4 asiakasta itse\u00e4\u00e4n koskevien henkil\u00f6tietojen oikaisemista, poistamista tai henkil\u00f6tietojen k\u00e4sittelyn rajoittamista. Asiakkaalla on aina oikeus est\u00e4\u00e4 henkil\u00f6tietojen k\u00e4sittely suoramarkkinointia varten.<\/p>\n\n\n\n<p>Kaikki t\u00e4ss\u00e4 kohdassa tarkoitetut pyynn\u00f6t tulee toimittaa kohdassa 2. mainitulle tietosuojavastaavalle.<\/p>\n\n\n\n<p>Rekister\u00f6idyn oikeuksia tietotekniikan osalta on mainittu my\u00f6s t\u00e4m\u00e4n selosteen kohdissa 13 ja 14.<\/p>\n\n\n\n<h2 class=\"wp-block-heading\">16. Rekisterin suojauksen periaatteet<\/h2>\n\n\n\n<p>Rekisteri\u00e4 koskevat manuaaliset aineistot ja varmuuskopiot s\u00e4ilytet\u00e4\u00e4n lukituissa tiloissa. Digitaalisesti tallennetut ja k\u00e4sitelt\u00e4v\u00e4t tiedot ovat tietokannoissa, jotka ovat palomuurein, salasanoin ja muiden teknisten keinojen avulla suojattuja.<\/p>\n\n\n\n<p>Rekisterin k\u00e4ytt\u00f6oikeudet on rajattu henkil\u00f6ihin, joiden tulee p\u00e4\u00e4st\u00e4 rekisterin sis\u00e4lt\u00e4miin tietoihin voidakseen hoitaa ty\u00f6teht\u00e4vi\u00e4\u00e4n tai rekisterin k\u00e4sittelytarkoituksia.<\/p>\n\n\n\n<h2 class=\"wp-block-heading\">17. Oikeus peruuttaa suostumus<\/h2>\n\n\n\n<p>Mik\u00e4li rekisteriss\u00e4 oleva tieto perustuu Asiakkaan antamaan suostumukseen, on suostumus koska tahansa peruutettavissa ilmoittamalla t\u00e4ss\u00e4 selosteessa mainitulle rekisterinpit\u00e4j\u00e4n edustajalle. Pyynn\u00f6n perusteella poistetaan kaikki ne tiedot, joita ei ole s\u00e4ilytett\u00e4v\u00e4, tai voida s\u00e4ilytt\u00e4\u00e4, lain tai muun t\u00e4ss\u00e4 tietosuojaselosteessa mainitun perusteen nojalla.<\/p>\n\n\n\n<h2 class=\"wp-block-heading\">18. Tietosuojaselosteen muuttaminen<\/h2>\n\n\n\n<p>Pid\u00e4t\u00e4mme itsell\u00e4mme oikeuden muuttaa t\u00e4t\u00e4 tietosuojaselostetta ilmoittamalla siit\u00e4 palveluissamme. Muutokset voivat perustua esimerkiksi palvelujemme kehitt\u00e4miseen tai lains\u00e4\u00e4d\u00e4nn\u00f6n muuttumiseen. Suosittelemme tutustumaan tietosuojaselosteen sis\u00e4lt\u00f6\u00f6n s\u00e4\u00e4nn\u00f6llisesti.<\/p>\n\n\n\n<h2 class=\"wp-block-heading\">19. Erimielisyydet<\/h2>\n\n\n\n<p>Vendo Costa SL:n ja Vendo-ketjun osalta mahdolliset erimielisyydet ratkaistaan Helsingin k\u00e4r\u00e4j\u00e4oikeudessa Suomen lain mukaan.<\/p>","protected":false},"excerpt":{"rendered":"<p>1. General This privacy notice describes how Vendo Costa SL and the Vendo chain process the personal data of data subjects. Vendo Costa SL is owned by the nationwide Vendo real estate agency chain. Vendo Costa SL is responsible for steering and managing the Vendo chain. This notice applies only to the data processing practices [&hellip;]<\/p>","protected":false},"author":1,"featured_media":0,"parent":0,"menu_order":0,"comment_status":"closed","ping_status":"closed","template":"","meta":{"om_disable_all_campaigns":false,"_monsterinsights_skip_tracking":false,"_monsterinsights_sitenote_active":false,"_monsterinsights_sitenote_note":"","_monsterinsights_sitenote_category":0,"footnotes":""},"class_list":["post-3","page","type-page","status-publish","hentry"],"aioseo_notices":[],"_links":{"self":[{"href":"https:\/\/vendocosta.com\/fi\/wp-json\/wp\/v2\/pages\/3","targetHints":{"allow":["GET"]}}],"collection":[{"href":"https:\/\/vendocosta.com\/fi\/wp-json\/wp\/v2\/pages"}],"about":[{"href":"https:\/\/vendocosta.com\/fi\/wp-json\/wp\/v2\/types\/page"}],"author":[{"embeddable":true,"href":"https:\/\/vendocosta.com\/fi\/wp-json\/wp\/v2\/users\/1"}],"replies":[{"embeddable":true,"href":"https:\/\/vendocosta.com\/fi\/wp-json\/wp\/v2\/comments?post=3"}],"version-history":[{"count":5,"href":"https:\/\/vendocosta.com\/fi\/wp-json\/wp\/v2\/pages\/3\/revisions"}],"predecessor-version":[{"id":8565,"href":"https:\/\/vendocosta.com\/fi\/wp-json\/wp\/v2\/pages\/3\/revisions\/8565"}],"wp:attachment":[{"href":"https:\/\/vendocosta.com\/fi\/wp-json\/wp\/v2\/media?parent=3"}],"curies":[{"name":"wp","href":"https:\/\/api.w.org\/{rel}","templated":true}]}}