{"id":307,"date":"2025-11-17T11:52:38","date_gmt":"2025-11-17T11:52:38","guid":{"rendered":"https:\/\/vendocosta.com\/?page_id=307"},"modified":"2026-04-01T12:17:54","modified_gmt":"2026-04-01T12:17:54","slug":"services","status":"publish","type":"page","link":"https:\/\/vendocosta.com\/fi\/services\/","title":{"rendered":"Palvelumme"},"content":{"rendered":"<div data-elementor-type=\"wp-post\" data-elementor-id=\"307\" class=\"elementor elementor-307\" data-elementor-post-type=\"page\">\n\t\t\t\t<div class=\"elementor-element elementor-element-5b4e0cd e-flex e-con-boxed e-con e-parent\" data-id=\"5b4e0cd\" data-element_type=\"container\" data-settings=\"{&quot;background_background&quot;:&quot;classic&quot;}\">\n\t\t\t\t\t<div class=\"e-con-inner\">\n\t\t<div class=\"elementor-element elementor-element-6c27901 e-grid e-con-full e-con e-child\" data-id=\"6c27901\" data-element_type=\"container\" data-settings=\"{&quot;background_background&quot;:&quot;classic&quot;}\">\n\t\t<div class=\"elementor-element elementor-element-b77386b e-con-full e-flex e-con e-child\" data-id=\"b77386b\" data-element_type=\"container\">\n\t\t<div class=\"elementor-element elementor-element-e102d0d e-con-full e-flex e-con e-child\" data-id=\"e102d0d\" data-element_type=\"container\">\n\t\t\t\t<div class=\"elementor-element elementor-element-3c4c5dc elementor-widget elementor-widget-heading\" data-id=\"3c4c5dc\" data-element_type=\"widget\" data-widget_type=\"heading.default\">\n\t\t\t\t\t<h2 class=\"elementor-heading-title elementor-size-default\">Asunnon ostaminen Vendo Costan kautta Espanjassa<\/h2>\t\t\t\t<\/div>\n\t\t\t\t<div class=\"elementor-element elementor-element-d63d701 elementor-widget elementor-widget-text-editor\" data-id=\"d63d701\" data-element_type=\"widget\" data-widget_type=\"text-editor.default\">\n\t\t\t\t\t\t\t\t\t<p>Etsitp\u00e4 sitten aurinkoista loma-asuntoa, perhehuvilaa tai tuottoisaa sijoituskohdetta, me hoidamme koko ostoprosessin alusta loppuun \u2013 tarpeidesi kartoituksesta ja sopivien kohteiden valinnasta aina neuvotteluihin, juridisiin asioihin ja kaikkiin k\u00e4yt\u00e4nn\u00f6n yksityiskohtiin. Sin\u00e4 keskityt visioon. Me autamme toteuttamaan sen.<\/p>\t\t\t\t\t\t\t\t<\/div>\n\t\t\t\t<\/div>\n\t\t\t\t<div class=\"elementor-element elementor-element-44622f9 elementor-widget elementor-widget-button\" data-id=\"44622f9\" data-element_type=\"widget\" data-widget_type=\"button.default\">\n\t\t\t\t\t\t\t\t\t\t<a class=\"elementor-button elementor-button-link elementor-size-sm\" href=\"\/fi\/buy-properties\/\">\n\t\t\t\t\t\t<span class=\"elementor-button-content-wrapper\">\n\t\t\t\t\t\t\t\t\t<span class=\"elementor-button-text\">Lue lis\u00e4\u00e4<\/span>\n\t\t\t\t\t<\/span>\n\t\t\t\t\t<\/a>\n\t\t\t\t\t\t\t\t<\/div>\n\t\t\t\t<\/div>\n\t\t\t\t<div class=\"elementor-element elementor-element-d94f213 elementor-widget elementor-widget-image\" data-id=\"d94f213\" data-element_type=\"widget\" data-widget_type=\"image.default\">\n\t\t\t\t\t\t\t\t\t\t\t\t\t\t\t<img fetchpriority=\"high\" decoding=\"async\" width=\"750\" height=\"750\" src=\"https:\/\/vendocosta.com\/wp-content\/uploads\/2025\/11\/spain-beach.webp\" class=\"attachment-large size-large wp-image-162\" alt=\"\" srcset=\"https:\/\/vendocosta.com\/wp-content\/uploads\/2025\/11\/spain-beach.webp 750w, https:\/\/vendocosta.com\/wp-content\/uploads\/2025\/11\/spain-beach-300x300.webp 300w, https:\/\/vendocosta.com\/wp-content\/uploads\/2025\/11\/spain-beach-150x150.webp 150w\" sizes=\"(max-width: 750px) 100vw, 750px\" \/>\t\t\t\t\t\t\t\t\t\t\t\t\t\t\t<\/div>\n\t\t\t\t<\/div>\n\t\t\t\t\t<\/div>\n\t\t\t\t<\/div>\n\t\t<div class=\"elementor-element elementor-element-c58b4b1 e-flex e-con-boxed e-con e-parent\" data-id=\"c58b4b1\" data-element_type=\"container\" data-settings=\"{&quot;background_background&quot;:&quot;classic&quot;}\">\n\t\t\t\t\t<div class=\"e-con-inner\">\n\t\t<div class=\"elementor-element elementor-element-69f292b e-grid e-con-full e-con e-child\" data-id=\"69f292b\" data-element_type=\"container\" data-settings=\"{&quot;background_background&quot;:&quot;classic&quot;}\">\n\t\t\t\t<div class=\"elementor-element elementor-element-46c2a1f elementor-widget elementor-widget-image\" data-id=\"46c2a1f\" data-element_type=\"widget\" data-widget_type=\"image.default\">\n\t\t\t\t\t\t\t\t\t\t\t\t\t\t\t<img decoding=\"async\" width=\"750\" height=\"750\" src=\"https:\/\/vendocosta.com\/wp-content\/uploads\/2025\/11\/costa.webp\" class=\"attachment-large size-large wp-image-206\" alt=\"\" srcset=\"https:\/\/vendocosta.com\/wp-content\/uploads\/2025\/11\/costa.webp 750w, https:\/\/vendocosta.com\/wp-content\/uploads\/2025\/11\/costa-300x300.webp 300w, https:\/\/vendocosta.com\/wp-content\/uploads\/2025\/11\/costa-150x150.webp 150w\" sizes=\"(max-width: 750px) 100vw, 750px\" \/>\t\t\t\t\t\t\t\t\t\t\t\t\t\t\t<\/div>\n\t\t<div class=\"elementor-element elementor-element-7330b3b e-con-full e-flex e-con e-child\" data-id=\"7330b3b\" data-element_type=\"container\">\n\t\t<div class=\"elementor-element elementor-element-2239ca7 e-con-full e-flex e-con e-child\" data-id=\"2239ca7\" data-element_type=\"container\">\n\t\t\t\t<div class=\"elementor-element elementor-element-21c622e elementor-widget elementor-widget-heading\" data-id=\"21c622e\" data-element_type=\"widget\" data-widget_type=\"heading.default\">\n\t\t\t\t\t<h2 class=\"elementor-heading-title elementor-size-default\">Asunnon myyminen Vendo Costan kautta Espanjassa<\/h2>\t\t\t\t<\/div>\n\t\t\t\t<div class=\"elementor-element elementor-element-b402616 elementor-widget elementor-widget-text-editor\" data-id=\"b402616\" data-element_type=\"widget\" data-widget_type=\"text-editor.default\">\n\t\t\t\t\t\t\t\t\t<p>Asunnon myynti Costa del Solilla vaatii oikean n\u00e4kyvyyden ja v\u00e4litt\u00e4j\u00e4n, joka pit\u00e4\u00e4 sinut ajan tasalla jokaisessa vaiheessa. Me hoidamme kaiken \u2013 arviosta ja markkinoinnista esittelyihin, neuvotteluihin ja lopulliseen kauppaprosessiin \u2013 jotta voit edet\u00e4 luottavaisin mielin ja ilman stressi\u00e4.<\/p>\t\t\t\t\t\t\t\t<\/div>\n\t\t\t\t<\/div>\n\t\t\t\t<div class=\"elementor-element elementor-element-7a3df67 elementor-widget elementor-widget-button\" data-id=\"7a3df67\" data-element_type=\"widget\" data-widget_type=\"button.default\">\n\t\t\t\t\t\t\t\t\t\t<a class=\"elementor-button elementor-button-link elementor-size-sm\" href=\"\/fi\/sell-properties\/\">\n\t\t\t\t\t\t<span class=\"elementor-button-content-wrapper\">\n\t\t\t\t\t\t\t\t\t<span class=\"elementor-button-text\">Lue lis\u00e4\u00e4<\/span>\n\t\t\t\t\t<\/span>\n\t\t\t\t\t<\/a>\n\t\t\t\t\t\t\t\t<\/div>\n\t\t\t\t<\/div>\n\t\t\t\t<\/div>\n\t\t\t\t\t<\/div>\n\t\t\t\t<\/div>\n\t\t\t\t<\/div>","protected":false},"excerpt":{"rendered":"<p>Buying Your Home with Vendo Costa in Spain Whether you&#8217;re looking for a sun-filled holiday apartment, a family villa, or a smart investment, we take care of the entire buying process \u2014 from understanding your needs and selecting the right properties to handling negotiations, legal matters, and every practical detail along the way. You focus [&hellip;]<\/p>","protected":false},"author":2,"featured_media":0,"parent":0,"menu_order":0,"comment_status":"closed","ping_status":"closed","template":"","meta":{"om_disable_all_campaigns":false,"_monsterinsights_skip_tracking":false,"_monsterinsights_sitenote_active":false,"_monsterinsights_sitenote_note":"","_monsterinsights_sitenote_category":0,"footnotes":""},"class_list":["post-307","page","type-page","status-publish","hentry"],"aioseo_notices":[],"_links":{"self":[{"href":"https:\/\/vendocosta.com\/fi\/wp-json\/wp\/v2\/pages\/307","targetHints":{"allow":["GET"]}}],"collection":[{"href":"https:\/\/vendocosta.com\/fi\/wp-json\/wp\/v2\/pages"}],"about":[{"href":"https:\/\/vendocosta.com\/fi\/wp-json\/wp\/v2\/types\/page"}],"author":[{"embeddable":true,"href":"https:\/\/vendocosta.com\/fi\/wp-json\/wp\/v2\/users\/2"}],"replies":[{"embeddable":true,"href":"https:\/\/vendocosta.com\/fi\/wp-json\/wp\/v2\/comments?post=307"}],"version-history":[{"count":58,"href":"https:\/\/vendocosta.com\/fi\/wp-json\/wp\/v2\/pages\/307\/revisions"}],"predecessor-version":[{"id":8651,"href":"https:\/\/vendocosta.com\/fi\/wp-json\/wp\/v2\/pages\/307\/revisions\/8651"}],"wp:attachment":[{"href":"https:\/\/vendocosta.com\/fi\/wp-json\/wp\/v2\/media?parent=307"}],"curies":[{"name":"wp","href":"https:\/\/api.w.org\/{rel}","templated":true}]}}