{"id":309,"date":"2025-11-17T11:52:34","date_gmt":"2025-11-17T11:52:34","guid":{"rendered":"https:\/\/vendocosta.com\/?page_id=309"},"modified":"2026-04-01T12:26:15","modified_gmt":"2026-04-01T12:26:15","slug":"contact","status":"publish","type":"page","link":"https:\/\/vendocosta.com\/fi\/contact\/","title":{"rendered":"Ota yhteytt\u00e4"},"content":{"rendered":"<div data-elementor-type=\"wp-post\" data-elementor-id=\"309\" class=\"elementor elementor-309\" data-elementor-post-type=\"page\">\n\t\t\t\t<div class=\"elementor-element elementor-element-4c6e39ff e-flex e-con-boxed e-con e-parent\" data-id=\"4c6e39ff\" data-element_type=\"container\" data-settings=\"{&quot;background_background&quot;:&quot;classic&quot;}\">\n\t\t\t\t\t<div class=\"e-con-inner\">\n\t\t<div class=\"elementor-element elementor-element-3e49b26d e-grid e-con-full e-con e-child\" data-id=\"3e49b26d\" data-element_type=\"container\">\n\t\t<div class=\"elementor-element elementor-element-73d660de e-con-full e-flex e-con e-child\" data-id=\"73d660de\" data-element_type=\"container\" data-settings=\"{&quot;background_background&quot;:&quot;classic&quot;}\">\n\t\t\t\t<div class=\"elementor-element elementor-element-7b030a6a elementor-widget elementor-widget-heading\" data-id=\"7b030a6a\" data-element_type=\"widget\" data-widget_type=\"heading.default\">\n\t\t\t\t\t<h2 class=\"elementor-heading-title elementor-size-default\">Ota yhteytt\u00e4<\/h2>\t\t\t\t<\/div>\n\t\t\t\t<div class=\"elementor-element elementor-element-1e04fb9a elementor-widget elementor-widget-text-editor\" data-id=\"1e04fb9a\" data-element_type=\"widget\" data-widget_type=\"text-editor.default\">\n\t\t\t\t\t\t\t\t\tOlitpa miss\u00e4 tahansa vaiheessa kiinteist\u00f6matkaasi, olemme tukenasi koko matkan ajan.\t\t\t\t\t\t\t\t<\/div>\n\t\t<div class=\"elementor-element elementor-element-3e3da3f7 e-con-full e-flex e-con e-child\" data-id=\"3e3da3f7\" data-element_type=\"container\">\n\t\t\t\t<div class=\"elementor-element elementor-element-43660818 elementor-widget elementor-widget-heading\" data-id=\"43660818\" data-element_type=\"widget\" data-widget_type=\"heading.default\">\n\t\t\t\t\t<h3 class=\"elementor-heading-title elementor-size-default\">Tietosi<\/h3>\t\t\t\t<\/div>\n\t\t\t\t<div class=\"elementor-element elementor-element-25abe0ff elementor-button-align-stretch elementor-widget elementor-widget-form\" data-id=\"25abe0ff\" data-element_type=\"widget\" data-settings=\"{&quot;button_width&quot;:&quot;50&quot;,&quot;step_next_label&quot;:&quot;Next&quot;,&quot;step_previous_label&quot;:&quot;Previous&quot;,&quot;button_width_tablet&quot;:&quot;75&quot;,&quot;step_type&quot;:&quot;number_text&quot;,&quot;step_icon_shape&quot;:&quot;circle&quot;}\" data-widget_type=\"form.default\">\n\t\t\t\t\t\t\t<form class=\"elementor-form\" method=\"post\" name=\"New Form\" aria-label=\"New Form\" action=\"\">\n\t\t\t<input type=\"hidden\" name=\"post_id\" value=\"309\"\/>\n\t\t\t<input type=\"hidden\" name=\"form_id\" value=\"25abe0ff\"\/>\n\t\t\t<input type=\"hidden\" name=\"referer_title\" value=\"\" \/>\n\n\t\t\t\n\t\t\t<div class=\"elementor-form-fields-wrapper elementor-labels-above\">\n\t\t\t\t\t\t\t\t<div class=\"elementor-field-type-text elementor-field-group elementor-column elementor-field-group-name elementor-col-50 elementor-field-required\">\n\t\t\t\t\t\t\t\t\t\t\t\t\t<input size=\"1\" type=\"text\" name=\"form_fields[name]\" id=\"form-field-name\" class=\"elementor-field elementor-size-sm  elementor-field-textual\" placeholder=\"Etunimi\" required=\"required\">\n\t\t\t\t\t\t\t\t\t\t\t<\/div>\n\t\t\t\t\t\t\t\t<div class=\"elementor-field-type-text elementor-field-group elementor-column elementor-field-group-field_e40c70b elementor-col-50 elementor-field-required\">\n\t\t\t\t\t\t\t\t\t\t\t\t\t<input size=\"1\" type=\"text\" name=\"form_fields[field_e40c70b]\" id=\"form-field-field_e40c70b\" class=\"elementor-field elementor-size-sm  elementor-field-textual\" placeholder=\"Sukunimi\" required=\"required\">\n\t\t\t\t\t\t\t\t\t\t\t<\/div>\n\t\t\t\t\t\t\t\t<div class=\"elementor-field-type-email elementor-field-group elementor-column elementor-field-group-email elementor-col-50 elementor-field-required\">\n\t\t\t\t\t\t\t\t\t\t\t\t\t<input size=\"1\" type=\"email\" name=\"form_fields[email]\" id=\"form-field-email\" class=\"elementor-field elementor-size-sm  elementor-field-textual\" placeholder=\"S\u00e4hk\u00f6posti\" required=\"required\">\n\t\t\t\t\t\t\t\t\t\t\t<\/div>\n\t\t\t\t\t\t\t\t<div class=\"elementor-field-type-tel elementor-field-group elementor-column elementor-field-group-field_04d72a4 elementor-col-50\">\n\t\t\t\t\t\t\t<input size=\"1\" type=\"tel\" name=\"form_fields[field_04d72a4]\" id=\"form-field-field_04d72a4\" class=\"elementor-field elementor-size-sm  elementor-field-textual\" placeholder=\"Puhelinnumero\" pattern=\"[0-9()#&amp;+*-=.]+\" title=\"Only numbers and phone characters (#, -, *, etc) are accepted.\">\n\n\t\t\t\t\t\t<\/div>\n\t\t\t\t\t\t\t\t<div class=\"elementor-field-type-textarea elementor-field-group elementor-column elementor-field-group-message elementor-col-100\">\n\t\t\t\t\t<textarea class=\"elementor-field-textual elementor-field  elementor-size-sm\" name=\"form_fields[message]\" id=\"form-field-message\" rows=\"4\" placeholder=\"Viesti\"><\/textarea>\t\t\t\t<\/div>\n\t\t\t\t\t\t\t\t<div class=\"elementor-field-type-radio elementor-field-group elementor-column elementor-field-group-field_e3badf6 elementor-col-50 elementor-md-100\">\n\t\t\t\t\t\t\t\t\t\t\t\t<label for=\"form-field-field_e3badf6\" class=\"elementor-field-label\">\n\t\t\t\t\t\t\t\tOlen etsim\u00e4ss\u00e4\t\t\t\t\t\t\t<\/label>\n\t\t\t\t\t\t<div class=\"elementor-field-subgroup\"><span class=\"elementor-field-option\"><input type=\"radio\" value=\"New apartment\" id=\"form-field-field_e3badf6-0\" name=\"form_fields[field_e3badf6]\"> <label for=\"form-field-field_e3badf6-0\">Uusi asunto<\/label><\/span><span class=\"elementor-field-option\"><input type=\"radio\" value=\"Investment property\" id=\"form-field-field_e3badf6-1\" name=\"form_fields[field_e3badf6]\"> <label for=\"form-field-field_e3badf6-1\">Sijoituskiinteist\u00f6<\/label><\/span><span class=\"elementor-field-option\"><input type=\"radio\" value=\"Holiday apartment\" id=\"form-field-field_e3badf6-2\" name=\"form_fields[field_e3badf6]\"> <label for=\"form-field-field_e3badf6-2\">Loma-asunto<\/label><\/span><span class=\"elementor-field-option\"><input type=\"radio\" value=\"Lot\" id=\"form-field-field_e3badf6-3\" name=\"form_fields[field_e3badf6]\"> <label for=\"form-field-field_e3badf6-3\">Tontti<\/label><\/span><span class=\"elementor-field-option\"><input type=\"radio\" value=\"Other\" id=\"form-field-field_e3badf6-4\" name=\"form_fields[field_e3badf6]\"> <label for=\"form-field-field_e3badf6-4\">Muu<\/label><\/span><\/div>\t\t\t\t<\/div>\n\t\t\t\t\t\t\t\t<div class=\"elementor-field-type-radio elementor-field-group elementor-column elementor-field-group-field_d2b52e9 elementor-col-50 elementor-md-100\">\n\t\t\t\t\t\t\t\t\t\t\t\t<label for=\"form-field-field_d2b52e9\" class=\"elementor-field-label\">\n\t\t\t\t\t\t\t\tOlen myym\u00e4ss\u00e4\t\t\t\t\t\t\t<\/label>\n\t\t\t\t\t\t<div class=\"elementor-field-subgroup\"><span class=\"elementor-field-option\"><input type=\"radio\" value=\"Now\" id=\"form-field-field_d2b52e9-0\" name=\"form_fields[field_d2b52e9]\"> <label for=\"form-field-field_d2b52e9-0\">Nyt<\/label><\/span><span class=\"elementor-field-option\"><input type=\"radio\" value=\"In a half year\" id=\"form-field-field_d2b52e9-1\" name=\"form_fields[field_d2b52e9]\"> <label for=\"form-field-field_d2b52e9-1\">Puolen vuoden sis\u00e4ll\u00e4<\/label><\/span><span class=\"elementor-field-option\"><input type=\"radio\" value=\"In a year\" id=\"form-field-field_d2b52e9-2\" name=\"form_fields[field_d2b52e9]\"> <label for=\"form-field-field_d2b52e9-2\">Vuoden sis\u00e4ll\u00e4<\/label><\/span><span class=\"elementor-field-option\"><input type=\"radio\" value=\"Other\" id=\"form-field-field_d2b52e9-3\" name=\"form_fields[field_d2b52e9]\"> <label for=\"form-field-field_d2b52e9-3\">Muu<\/label><\/span><\/div>\t\t\t\t<\/div>\n\t\t\t\t\t\t\t\t<div class=\"elementor-field-group elementor-column elementor-field-type-submit elementor-col-50 e-form__buttons elementor-md-75\">\n\t\t\t\t\t<button class=\"elementor-button elementor-size-sm\" type=\"submit\">\n\t\t\t\t\t\t<span class=\"elementor-button-content-wrapper\">\n\t\t\t\t\t\t\t\t\t\t\t\t\t\t\t\t\t\t\t\t\t\t<span class=\"elementor-button-text\">L\u00e4het\u00e4 viesti<\/span>\n\t\t\t\t\t\t\t\t\t\t\t\t\t<\/span>\n\t\t\t\t\t<\/button>\n\t\t\t\t<\/div>\n\t\t\t<\/div>\n\t\t<input type=\"hidden\" name=\"trp-form-language\" value=\"fi\"\/><\/form>\n\t\t\t\t\t\t<\/div>\n\t\t\t\t<\/div>\n\t\t\t\t<\/div>\n\t\t<div class=\"elementor-element elementor-element-45b24e03 e-con-full e-flex e-con e-child\" data-id=\"45b24e03\" data-element_type=\"container\">\n\t\t<div class=\"elementor-element elementor-element-9924d1d e-con-full e-flex e-con e-child\" data-id=\"9924d1d\" data-element_type=\"container\">\n\t\t\t\t<div class=\"elementor-element elementor-element-f35fd15 elementor-widget elementor-widget-image\" data-id=\"f35fd15\" data-element_type=\"widget\" data-widget_type=\"image.default\">\n\t\t\t\t\t\t\t\t\t\t\t\t\t\t\t<img fetchpriority=\"high\" decoding=\"async\" width=\"722\" height=\"922\" src=\"https:\/\/vendocosta.com\/wp-content\/uploads\/2026\/04\/Paivi.webp\" class=\"attachment-large size-large wp-image-8656\" alt=\"\" srcset=\"https:\/\/vendocosta.com\/wp-content\/uploads\/2026\/04\/Paivi.webp 722w, https:\/\/vendocosta.com\/wp-content\/uploads\/2026\/04\/Paivi-235x300.webp 235w, https:\/\/vendocosta.com\/wp-content\/uploads\/2026\/04\/Paivi-9x12.webp 9w\" sizes=\"(max-width: 722px) 100vw, 722px\" \/>\t\t\t\t\t\t\t\t\t\t\t\t\t\t\t<\/div>\n\t\t<div class=\"elementor-element elementor-element-78455c2 e-con-full e-flex e-con e-child\" data-id=\"78455c2\" data-element_type=\"container\">\n\t\t\t\t<div class=\"elementor-element elementor-element-4c3e2f8 elementor-widget elementor-widget-heading\" data-id=\"4c3e2f8\" data-element_type=\"widget\" data-widget_type=\"heading.default\">\n\t\t\t\t\t<h2 class=\"elementor-heading-title elementor-size-default\">P\u00e4ivi Siggberg<\/h2>\t\t\t\t<\/div>\n\t\t\t\t<div class=\"elementor-element elementor-element-fb4d439 elementor-widget elementor-widget-heading\" data-id=\"fb4d439\" data-element_type=\"widget\" data-widget_type=\"heading.default\">\n\t\t\t\t\t<span class=\"elementor-heading-title elementor-size-default\">Kiinteist\u00f6nv\u00e4litt\u00e4j\u00e4<\/span>\t\t\t\t<\/div>\n\t\t\t\t<div class=\"elementor-element elementor-element-1249774 elementor-icon-list--layout-traditional elementor-list-item-link-full_width elementor-widget elementor-widget-icon-list\" data-id=\"1249774\" data-element_type=\"widget\" data-widget_type=\"icon-list.default\">\n\t\t\t\t\t\t\t<ul class=\"elementor-icon-list-items\">\n\t\t\t\t\t\t\t<li class=\"elementor-icon-list-item\">\n\t\t\t\t\t\t\t\t\t\t\t<a href=\"tel:+358407378999%20\">\n\n\t\t\t\t\t\t\t\t\t\t\t\t<span class=\"elementor-icon-list-icon\">\n\t\t\t\t\t\t\t<svg xmlns=\"http:\/\/www.w3.org\/2000\/svg\" width=\"24\" height=\"24\" viewbox=\"0 0 24 24\" fill=\"none\"><path d=\"M21 14.5126L16.5853 12.5335L16.5684 12.526C16.2815 12.4023 15.9681 12.3525 15.6569 12.3812C15.3458 12.4098 15.0467 12.516 14.7872 12.6901C14.7508 12.7144 14.7158 12.7407 14.6822 12.7688L12.5906 14.5501C11.3719 13.8891 10.1128 12.6404 9.45094 11.4366L11.2378 9.31226C11.2665 9.27798 11.2932 9.24197 11.3175 9.20445C11.487 8.94585 11.5899 8.64934 11.617 8.34134C11.6442 8.03334 11.5948 7.72341 11.4731 7.43914C11.4702 7.43369 11.4677 7.42806 11.4656 7.42226L9.48751 3.00008C9.32513 2.63025 9.04801 2.32253 8.69716 2.12245C8.3463 1.92237 7.94035 1.84057 7.53938 1.88914C6.17848 2.06791 4.92918 2.73596 4.02482 3.7685C3.12046 4.80105 2.62288 6.12748 2.62501 7.50008C2.62501 15.151 8.84907 21.3751 16.5 21.3751C17.8726 21.3772 19.199 20.8796 20.2316 19.9753C21.2641 19.0709 21.9322 17.8216 22.1109 16.4607C22.1595 16.0597 22.0777 15.6538 21.8776 15.3029C21.6775 14.9521 21.3698 14.6749 21 14.5126ZM16.5 19.1251C13.418 19.1214 10.4633 17.8954 8.284 15.7161C6.1047 13.5368 4.87873 10.5821 4.87501 7.50008C4.87286 6.72335 5.13655 5.96928 5.62227 5.36316C6.10799 4.75703 6.78648 4.33536 7.54501 4.1682L9.30938 8.1057L7.51313 10.2451C7.4841 10.2797 7.45717 10.316 7.43251 10.3538C7.25546 10.6243 7.15137 10.936 7.13034 11.2587C7.10932 11.5813 7.17207 11.9039 7.31251 12.1951C8.19563 14.0026 10.0153 15.8101 11.8416 16.6951C12.1347 16.8341 12.4589 16.8946 12.7825 16.8708C13.106 16.8469 13.4179 16.7396 13.6875 16.5591C13.7238 16.5347 13.7585 16.5081 13.7916 16.4795L15.8944 14.6916L19.8319 16.4551C19.6647 17.2136 19.243 17.8921 18.6369 18.3778C18.0308 18.8635 17.2767 19.1272 16.5 19.1251Z\" fill=\"#6B6E74\"><\/path><\/svg>\t\t\t\t\t\t<\/span>\n\t\t\t\t\t\t\t\t\t\t<span class=\"elementor-icon-list-text\">+358 40 7378999 <\/span>\n\t\t\t\t\t\t\t\t\t\t\t<\/a>\n\t\t\t\t\t\t\t\t\t<\/li>\n\t\t\t\t\t\t\t\t<li class=\"elementor-icon-list-item\">\n\t\t\t\t\t\t\t\t\t\t\t<a href=\"tel:+34613808238\">\n\n\t\t\t\t\t\t\t\t\t\t\t\t<span class=\"elementor-icon-list-icon\">\n\t\t\t\t\t\t\t<svg xmlns=\"http:\/\/www.w3.org\/2000\/svg\" width=\"24\" height=\"24\" viewbox=\"0 0 24 24\" fill=\"none\"><path d=\"M21 14.5126L16.5853 12.5335L16.5684 12.526C16.2815 12.4023 15.9681 12.3525 15.6569 12.3812C15.3458 12.4098 15.0467 12.516 14.7872 12.6901C14.7508 12.7144 14.7158 12.7407 14.6822 12.7688L12.5906 14.5501C11.3719 13.8891 10.1128 12.6404 9.45094 11.4366L11.2378 9.31226C11.2665 9.27798 11.2932 9.24197 11.3175 9.20445C11.487 8.94585 11.5899 8.64934 11.617 8.34134C11.6442 8.03334 11.5948 7.72341 11.4731 7.43914C11.4702 7.43369 11.4677 7.42806 11.4656 7.42226L9.48751 3.00008C9.32513 2.63025 9.04801 2.32253 8.69716 2.12245C8.3463 1.92237 7.94035 1.84057 7.53938 1.88914C6.17848 2.06791 4.92918 2.73596 4.02482 3.7685C3.12046 4.80105 2.62288 6.12748 2.62501 7.50008C2.62501 15.151 8.84907 21.3751 16.5 21.3751C17.8726 21.3772 19.199 20.8796 20.2316 19.9753C21.2641 19.0709 21.9322 17.8216 22.1109 16.4607C22.1595 16.0597 22.0777 15.6538 21.8776 15.3029C21.6775 14.9521 21.3698 14.6749 21 14.5126ZM16.5 19.1251C13.418 19.1214 10.4633 17.8954 8.284 15.7161C6.1047 13.5368 4.87873 10.5821 4.87501 7.50008C4.87286 6.72335 5.13655 5.96928 5.62227 5.36316C6.10799 4.75703 6.78648 4.33536 7.54501 4.1682L9.30938 8.1057L7.51313 10.2451C7.4841 10.2797 7.45717 10.316 7.43251 10.3538C7.25546 10.6243 7.15137 10.936 7.13034 11.2587C7.10932 11.5813 7.17207 11.9039 7.31251 12.1951C8.19563 14.0026 10.0153 15.8101 11.8416 16.6951C12.1347 16.8341 12.4589 16.8946 12.7825 16.8708C13.106 16.8469 13.4179 16.7396 13.6875 16.5591C13.7238 16.5347 13.7585 16.5081 13.7916 16.4795L15.8944 14.6916L19.8319 16.4551C19.6647 17.2136 19.243 17.8921 18.6369 18.3778C18.0308 18.8635 17.2767 19.1272 16.5 19.1251Z\" fill=\"#6B6E74\"><\/path><\/svg>\t\t\t\t\t\t<\/span>\n\t\t\t\t\t\t\t\t\t\t<span class=\"elementor-icon-list-text\">+34 61 3808238<\/span>\n\t\t\t\t\t\t\t\t\t\t\t<\/a>\n\t\t\t\t\t\t\t\t\t<\/li>\n\t\t\t\t\t\t\t\t<li class=\"elementor-icon-list-item\">\n\t\t\t\t\t\t\t\t\t\t\t<a href=\"mailto:paivi@vendocosta.com\">\n\n\t\t\t\t\t\t\t\t\t\t\t\t<span class=\"elementor-icon-list-icon\">\n\t\t\t\t\t\t\t<svg xmlns=\"http:\/\/www.w3.org\/2000\/svg\" width=\"24\" height=\"24\" viewbox=\"0 0 24 24\" fill=\"none\"><g clip-path=\"url(#clip0_216_14)\"><path d=\"M21.5755 2.42438C21.3399 2.18867 21.0457 2.02003 20.7232 1.93583C20.4007 1.85162 20.0617 1.8549 19.7409 1.94531L19.7202 1.95188L1.72867 7.40625C1.36378 7.51209 1.03965 7.72627 0.799216 8.02044C0.558778 8.31461 0.413378 8.67487 0.382272 9.05353C0.351167 9.43218 0.435825 9.81134 0.625033 10.1408C0.81424 10.4703 1.09907 10.7345 1.4418 10.8984L9.28117 14.7188L13.0977 22.5609C13.2482 22.881 13.487 23.1514 13.7859 23.3404C14.0849 23.5294 14.4316 23.6291 14.7852 23.6278C14.8387 23.6278 14.893 23.6278 14.9474 23.6213C15.3271 23.592 15.6886 23.4469 15.9831 23.2054C16.2775 22.9639 16.4907 22.6378 16.5937 22.2713L22.048 4.27969C22.0508 4.273 22.053 4.26611 22.0546 4.25906C22.145 3.93827 22.1483 3.59918 22.0641 3.2767C21.9799 2.95422 21.8113 2.66001 21.5755 2.42438ZM14.7102 20.7253L11.488 14.1028L15.8005 9.795C15.9052 9.69036 15.9882 9.56612 16.0448 9.42939C16.1015 9.29267 16.1306 9.14612 16.1306 8.99813C16.1306 8.85013 16.1015 8.70359 16.0448 8.56686C15.9882 8.43013 15.9052 8.3059 15.8005 8.20125C15.6959 8.09661 15.5717 8.01359 15.4349 7.95696C15.2982 7.90033 15.1517 7.87118 15.0037 7.87118C14.8557 7.87118 14.7091 7.90033 14.5724 7.95696C14.4357 8.01359 14.3114 8.09661 14.2068 8.20125L9.89429 12.5138L3.27461 9.28969L19.6874 4.3125L14.7102 20.7253Z\" fill=\"#6B6E74\"><\/path><\/g><defs><clippath id=\"clip0_216_14\"><rect width=\"24\" height=\"24\" fill=\"white\"><\/rect><\/clippath><\/defs><\/svg>\t\t\t\t\t\t<\/span>\n\t\t\t\t\t\t\t\t\t\t<span class=\"elementor-icon-list-text\">paivi@vendocosta.com<\/span>\n\t\t\t\t\t\t\t\t\t\t\t<\/a>\n\t\t\t\t\t\t\t\t\t<\/li>\n\t\t\t\t\t\t<\/ul>\n\t\t\t\t\t\t<\/div>\n\t\t\t\t<\/div>\n\t\t\t\t<\/div>\n\t\t\t\t<\/div>\n\t\t\t\t<\/div>\n\t\t\t\t\t<\/div>\n\t\t\t\t<\/div>\n\t\t<div class=\"elementor-element elementor-element-c37a690 e-flex e-con-boxed e-con e-parent\" data-id=\"c37a690\" data-element_type=\"container\" data-settings=\"{&quot;background_background&quot;:&quot;video&quot;,&quot;background_video_link&quot;:&quot;https:\\\/\\\/youtu.be\\\/I-8enUftQYs&quot;,&quot;background_play_on_mobile&quot;:&quot;yes&quot;,&quot;background_privacy_mode&quot;:&quot;yes&quot;}\">\n\t\t\t\t\t<div class=\"e-con-inner\">\n\t\t<div class=\"elementor-background-video-container\" aria-hidden=\"true\">\n\t\t\t\t\t\t\t<div class=\"elementor-background-video-embed\"><\/div>\n\t\t\t\t\t\t<\/div><div class=\"elementor-element elementor-element-83673a5 e-con-full e-flex e-con e-child\" data-id=\"83673a5\" data-element_type=\"container\" data-settings=\"{&quot;background_background&quot;:&quot;classic&quot;}\">\n\t\t<div class=\"elementor-element elementor-element-c9b404a e-grid e-con-full e-con e-child\" data-id=\"c9b404a\" data-element_type=\"container\">\n\t\t<div class=\"elementor-element elementor-element-77e196d e-con-full e-flex e-con e-child\" data-id=\"77e196d\" data-element_type=\"container\">\n\t\t\t\t<div class=\"elementor-element elementor-element-84455ea elementor-widget elementor-widget-heading\" data-id=\"84455ea\" data-element_type=\"widget\" data-widget_type=\"heading.default\">\n\t\t\t\t\t<h2 class=\"elementor-heading-title elementor-size-default\">Lupauksemme<\/h2>\t\t\t\t<\/div>\n\t\t\t\t<\/div>\n\t\t<div class=\"elementor-element elementor-element-861ca8c e-con-full e-flex e-con e-child\" data-id=\"861ca8c\" data-element_type=\"container\">\n\t\t<div class=\"elementor-element elementor-element-dd75d58 e-con-full e-flex e-con e-child\" data-id=\"dd75d58\" data-element_type=\"container\">\n\t\t\t\t<div class=\"elementor-element elementor-element-b5bc87d elementor-widget elementor-widget-heading\" data-id=\"b5bc87d\" data-element_type=\"widget\" data-widget_type=\"heading.default\">\n\t\t\t\t\t<h3 class=\"elementor-heading-title elementor-size-default\">Ei kuluja ostajalle<\/h3>\t\t\t\t<\/div>\n\t\t\t\t<div class=\"elementor-element elementor-element-e919950 elementor-widget elementor-widget-heading\" data-id=\"e919950\" data-element_type=\"widget\" data-widget_type=\"heading.default\">\n\t\t\t\t\t<p class=\"elementor-heading-title elementor-size-default\">V\u00e4lityspalkkion maksaa myyj\u00e4 tai rakennuttaja.<\/p>\t\t\t\t<\/div>\n\t\t\t\t<\/div>\n\t\t<div class=\"elementor-element elementor-element-88c447a e-con-full e-flex e-con e-child\" data-id=\"88c447a\" data-element_type=\"container\">\n\t\t\t\t<div class=\"elementor-element elementor-element-d9023b7 elementor-widget elementor-widget-heading\" data-id=\"d9023b7\" data-element_type=\"widget\" data-widget_type=\"heading.default\">\n\t\t\t\t\t<h3 class=\"elementor-heading-title elementor-size-default\">Hoidamme kaiken<\/h3>\t\t\t\t<\/div>\n\t\t\t\t<div class=\"elementor-element elementor-element-6629f26 elementor-widget elementor-widget-heading\" data-id=\"6629f26\" data-element_type=\"widget\" data-widget_type=\"heading.default\">\n\t\t\t\t\t<p class=\"elementor-heading-title elementor-size-default\">Huolellisesti valikoidusta kohdelistasta aina kaupanteon j\u00e4lkeiseen tukeen asti. Juridisissa kysymyksiss\u00e4 ohjaamme asiakkaan asiantuntevan juristin puoleen ja olemme tukena prosessin aikana.<\/p>\t\t\t\t<\/div>\n\t\t\t\t<\/div>\n\t\t<div class=\"elementor-element elementor-element-2e15f32 e-con-full e-flex e-con e-child\" data-id=\"2e15f32\" data-element_type=\"container\">\n\t\t\t\t<div class=\"elementor-element elementor-element-3941cee elementor-widget elementor-widget-heading\" data-id=\"3941cee\" data-element_type=\"widget\" data-widget_type=\"heading.default\">\n\t\t\t\t\t<h3 class=\"elementor-heading-title elementor-size-default\">Paikallinen asiantuntemus<\/h3>\t\t\t\t<\/div>\n\t\t\t\t<div class=\"elementor-element elementor-element-57df588 elementor-widget elementor-widget-heading\" data-id=\"57df588\" data-element_type=\"widget\" data-widget_type=\"heading.default\">\n\t\t\t\t\t<p class=\"elementor-heading-title elementor-size-default\">L\u00f6yd\u00e4mme alueet ja yhteis\u00f6t, jotka sopivat el\u00e4m\u00e4ntyyliisi.<\/p>\t\t\t\t<\/div>\n\t\t\t\t<\/div>\n\t\t<div class=\"elementor-element elementor-element-393afba e-con-full e-flex e-con e-child\" data-id=\"393afba\" data-element_type=\"container\">\n\t\t\t\t<div class=\"elementor-element elementor-element-1dfaac8 elementor-widget elementor-widget-heading\" data-id=\"1dfaac8\" data-element_type=\"widget\" data-widget_type=\"heading.default\">\n\t\t\t\t\t<h3 class=\"elementor-heading-title elementor-size-default\">Selke\u00e4 ja l\u00e4pin\u00e4kyv\u00e4 malli<\/h3>\t\t\t\t<\/div>\n\t\t\t\t<div class=\"elementor-element elementor-element-2184480 elementor-widget elementor-widget-heading\" data-id=\"2184480\" data-element_type=\"widget\" data-widget_type=\"heading.default\">\n\t\t\t\t\t<p class=\"elementor-heading-title elementor-size-default\">Yksi oma yhteyshenkil\u00f6 koko matkan ajan, selke\u00e4t vaiheet, ilman yll\u00e4tyksi\u00e4.<\/p>\t\t\t\t<\/div>\n\t\t\t\t<\/div>\n\t\t\t\t<\/div>\n\t\t\t\t<\/div>\n\t\t\t\t<\/div>\n\t\t\t\t\t<\/div>\n\t\t\t\t<\/div>\n\t\t\t\t<\/div>","protected":false},"excerpt":{"rendered":"<p>Contact us Wherever you are on your property journey, we are here to assist you every step of the way. Your information P\u00e4ivi Siggberg Real Estate Agent +358 40 7378999 +34 61 3808238 paivi@vendocosta.com Our Promise No fees for buyers Commission is paid by the seller or developer. We handle everything From a curated shortlist [&hellip;]<\/p>","protected":false},"author":2,"featured_media":0,"parent":0,"menu_order":0,"comment_status":"closed","ping_status":"closed","template":"","meta":{"om_disable_all_campaigns":false,"_monsterinsights_skip_tracking":false,"_monsterinsights_sitenote_active":false,"_monsterinsights_sitenote_note":"","_monsterinsights_sitenote_category":0,"footnotes":""},"class_list":["post-309","page","type-page","status-publish","hentry"],"aioseo_notices":[],"_links":{"self":[{"href":"https:\/\/vendocosta.com\/fi\/wp-json\/wp\/v2\/pages\/309","targetHints":{"allow":["GET"]}}],"collection":[{"href":"https:\/\/vendocosta.com\/fi\/wp-json\/wp\/v2\/pages"}],"about":[{"href":"https:\/\/vendocosta.com\/fi\/wp-json\/wp\/v2\/types\/page"}],"author":[{"embeddable":true,"href":"https:\/\/vendocosta.com\/fi\/wp-json\/wp\/v2\/users\/2"}],"replies":[{"embeddable":true,"href":"https:\/\/vendocosta.com\/fi\/wp-json\/wp\/v2\/comments?post=309"}],"version-history":[{"count":79,"href":"https:\/\/vendocosta.com\/fi\/wp-json\/wp\/v2\/pages\/309\/revisions"}],"predecessor-version":[{"id":8663,"href":"https:\/\/vendocosta.com\/fi\/wp-json\/wp\/v2\/pages\/309\/revisions\/8663"}],"wp:attachment":[{"href":"https:\/\/vendocosta.com\/fi\/wp-json\/wp\/v2\/media?parent=309"}],"curies":[{"name":"wp","href":"https:\/\/api.w.org\/{rel}","templated":true}]}}