{"id":311,"date":"2025-11-17T11:53:08","date_gmt":"2025-11-17T11:53:08","guid":{"rendered":"https:\/\/vendocosta.com\/?page_id=311"},"modified":"2026-04-01T12:17:29","modified_gmt":"2026-04-01T12:17:29","slug":"buy-properties","status":"publish","type":"page","link":"https:\/\/vendocosta.com\/fi\/buy-properties\/","title":{"rendered":"Asunnon ostaminen"},"content":{"rendered":"<div data-elementor-type=\"wp-post\" data-elementor-id=\"311\" class=\"elementor elementor-311\" data-elementor-post-type=\"page\">\n\t\t\t\t<div class=\"elementor-element elementor-element-c37a690 e-flex e-con-boxed e-con e-parent\" data-id=\"c37a690\" data-element_type=\"container\" data-settings=\"{&quot;background_background&quot;:&quot;classic&quot;}\">\n\t\t\t\t\t<div class=\"e-con-inner\">\n\t\t<div class=\"elementor-element elementor-element-83673a5 e-con-full e-flex e-con e-child\" data-id=\"83673a5\" data-element_type=\"container\" data-settings=\"{&quot;background_background&quot;:&quot;classic&quot;}\">\n\t\t\t\t<div class=\"elementor-element elementor-element-84455ea elementor-widget elementor-widget-heading\" data-id=\"84455ea\" data-element_type=\"widget\" data-widget_type=\"heading.default\">\n\t\t\t\t\t<h2 class=\"elementor-heading-title elementor-size-default\">Asunnon ostaminen Vendo Costan kautta Costa del Solilla<\/h2>\t\t\t\t<\/div>\n\t\t\t\t<\/div>\n\t\t\t\t\t<\/div>\n\t\t\t\t<\/div>\n\t\t<div class=\"elementor-element elementor-element-737754c e-flex e-con-boxed e-con e-parent\" data-id=\"737754c\" data-element_type=\"container\">\n\t\t\t\t\t<div class=\"e-con-inner\">\n\t\t\t\t<div class=\"elementor-element elementor-element-563a283 elementor-widget elementor-widget-text-editor\" data-id=\"563a283\" data-element_type=\"widget\" data-widget_type=\"text-editor.default\">\n\t\t\t\t\t\t\t\t\t<p>Vendo Costalla hoidamme kaiken puolestasi. Tavoitteenamme on tehd\u00e4 asunnon ostoprosessista mahdollisimman sujuva ja helppo, jotta voit keskitty\u00e4 el\u00e4m\u00e4si seuraavan vaiheen suunnitteluun.<\/p><p>Olemme t\u00e4\u00e4ll\u00e4 tukenasi. Kuuntelemme toiveitasi ja esittelemme niiden pohjalta huolellisesti valikoituja kohteita, jotka vastaavat unelmakotiasi.<\/p><p>Laaja paikallistuntemuksemme ja vahva asiantuntemuksemme takaavat, ett\u00e4 l\u00f6yd\u00e4mme sinulle kodin, jossa tunnet olosi aidosti kotoisaksi. Sinun ei tarvitse huolehtia kielimuurista, juridisista yksityiskohdista tai paikallisten kontaktien puutteesta. Kattava palvelumme kattaa koko ostoprosessin \u2013 juridiset asiat, neuvottelut, asiakirjat sek\u00e4 kaikki k\u00e4yt\u00e4nn\u00f6n j\u00e4rjestelyt.<\/p><p>Henkil\u00f6kohtainen v\u00e4litt\u00e4j\u00e4 pit\u00e4\u00e4 sinut ajan tasalla koko prosessin ajan ja varmistaa, ett\u00e4 kaikki etenee sujuvasti ja ilman yll\u00e4tyksi\u00e4. Kun kaikki on valmista, saat uuden kotisi avaimet. V\u00e4litt\u00e4j\u00e4mme tarjoaa sinulle my\u00f6s hy\u00f6dyllist\u00e4 tietoa siit\u00e4, mit\u00e4 ostoprosessissa tulee ottaa huomioon ja mit\u00e4 kaikkea se sis\u00e4lt\u00e4\u00e4.<\/p>\t\t\t\t\t\t\t\t<\/div>\n\t\t<div class=\"elementor-element elementor-element-d4c47e1 e-con-full e-flex e-con e-child\" data-id=\"d4c47e1\" data-element_type=\"container\" data-settings=\"{&quot;background_background&quot;:&quot;classic&quot;}\">\n\t\t<div class=\"elementor-element elementor-element-4efae00 e-con-full e-flex e-con e-child\" data-id=\"4efae00\" data-element_type=\"container\">\n\t\t<div class=\"elementor-element elementor-element-3cf126e e-con-full e-grid e-con e-child\" data-id=\"3cf126e\" data-element_type=\"container\">\n\t\t<div class=\"elementor-element elementor-element-dafe2b5 e-con-full e-flex e-con e-child\" data-id=\"dafe2b5\" data-element_type=\"container\">\n\t\t\t\t<div class=\"elementor-element elementor-element-6696310 elementor-widget elementor-widget-heading\" data-id=\"6696310\" data-element_type=\"widget\" data-widget_type=\"heading.default\">\n\t\t\t\t\t<p class=\"elementor-heading-title elementor-size-default\">01<\/p>\t\t\t\t<\/div>\n\t\t\t\t<\/div>\n\t\t<div class=\"elementor-element elementor-element-a242063 e-con-full e-flex e-con e-child\" data-id=\"a242063\" data-element_type=\"container\">\n\t\t\t\t<div class=\"elementor-element elementor-element-00d2478 elementor-widget elementor-widget-heading\" data-id=\"00d2478\" data-element_type=\"widget\" data-widget_type=\"heading.default\">\n\t\t\t\t\t<h3 class=\"elementor-heading-title elementor-size-default\">K\u00e4yd\u00e4\u00e4n l\u00e4pi unelmasi<\/h3>\t\t\t\t<\/div>\n\t\t\t\t<div class=\"elementor-element elementor-element-73c637a elementor-widget elementor-widget-heading\" data-id=\"73c637a\" data-element_type=\"widget\" data-widget_type=\"heading.default\">\n\t\t\t\t\t<p class=\"elementor-heading-title elementor-size-default\">Kerro meille unelmiesi kodista. N\u00e4etk\u00f6 kotisi meren \u00e4\u00e4rell\u00e4, kaupungin syd\u00e4mess\u00e4 vai rauhallisessa ymp\u00e4rist\u00f6ss\u00e4 vuorten l\u00e4heisyydess\u00e4? Kuuntelemme toiveitasi ja aloitamme etsinn\u00e4n niiden pohjalta.<\/p>\t\t\t\t<\/div>\n\t\t\t\t<\/div>\n\t\t\t\t<\/div>\n\t\t<div class=\"elementor-element elementor-element-8d2f15f e-con-full e-grid e-con e-child\" data-id=\"8d2f15f\" data-element_type=\"container\">\n\t\t<div class=\"elementor-element elementor-element-8d22c6e e-con-full e-flex e-con e-child\" data-id=\"8d22c6e\" data-element_type=\"container\">\n\t\t\t\t<div class=\"elementor-element elementor-element-ee1543d elementor-widget elementor-widget-heading\" data-id=\"ee1543d\" data-element_type=\"widget\" data-widget_type=\"heading.default\">\n\t\t\t\t\t<p class=\"elementor-heading-title elementor-size-default\">02<\/p>\t\t\t\t<\/div>\n\t\t\t\t<\/div>\n\t\t<div class=\"elementor-element elementor-element-ea45f11 e-con-full e-flex e-con e-child\" data-id=\"ea45f11\" data-element_type=\"container\">\n\t\t\t\t<div class=\"elementor-element elementor-element-4d51ac9 elementor-widget elementor-widget-heading\" data-id=\"4d51ac9\" data-element_type=\"widget\" data-widget_type=\"heading.default\">\n\t\t\t\t\t<h3 class=\"elementor-heading-title elementor-size-default\">Kohde-esittelyt<\/h3>\t\t\t\t<\/div>\n\t\t\t\t<div class=\"elementor-element elementor-element-b7d5e42 elementor-widget elementor-widget-heading\" data-id=\"b7d5e42\" data-element_type=\"widget\" data-widget_type=\"heading.default\">\n\t\t\t\t\t<p class=\"elementor-heading-title elementor-size-default\">Valitsemme huolellisesti toiveitasi vastaavat vaihtoehdot ja esittelemme ne sinulle.<\/p>\t\t\t\t<\/div>\n\t\t\t\t<\/div>\n\t\t\t\t<\/div>\n\t\t<div class=\"elementor-element elementor-element-e070083 e-con-full e-grid e-con e-child\" data-id=\"e070083\" data-element_type=\"container\">\n\t\t<div class=\"elementor-element elementor-element-11e32e8 e-con-full e-flex e-con e-child\" data-id=\"11e32e8\" data-element_type=\"container\">\n\t\t\t\t<div class=\"elementor-element elementor-element-f886721 elementor-widget elementor-widget-heading\" data-id=\"f886721\" data-element_type=\"widget\" data-widget_type=\"heading.default\">\n\t\t\t\t\t<p class=\"elementor-heading-title elementor-size-default\">03<\/p>\t\t\t\t<\/div>\n\t\t\t\t<\/div>\n\t\t<div class=\"elementor-element elementor-element-094da7c e-con-full e-flex e-con e-child\" data-id=\"094da7c\" data-element_type=\"container\">\n\t\t\t\t<div class=\"elementor-element elementor-element-728af70 elementor-widget elementor-widget-heading\" data-id=\"728af70\" data-element_type=\"widget\" data-widget_type=\"heading.default\">\n\t\t\t\t\t<h3 class=\"elementor-heading-title elementor-size-default\">Juridiset asiat ja neuvottelut<\/h3>\t\t\t\t<\/div>\n\t\t\t\t<div class=\"elementor-element elementor-element-5f22684 elementor-widget elementor-widget-heading\" data-id=\"5f22684\" data-element_type=\"widget\" data-widget_type=\"heading.default\">\n\t\t\t\t\t<p class=\"elementor-heading-title elementor-size-default\">Huolehdimme kaikista juridisista asioista, neuvotteluista ja dokumentaatiosta yhdess\u00e4 luotettavien paikallisten kiinteist\u00f6juridiikkaan erikoistuneiden lakimiesten kanssa \u2013 varmistaen, ett\u00e4 etusi ovat suojattuja ja kaikki tehd\u00e4\u00e4n oikein.<\/p>\t\t\t\t<\/div>\n\t\t\t\t<\/div>\n\t\t\t\t<\/div>\n\t\t<div class=\"elementor-element elementor-element-5672f8f e-con-full e-grid e-con e-child\" data-id=\"5672f8f\" data-element_type=\"container\">\n\t\t<div class=\"elementor-element elementor-element-f74bfff e-con-full e-flex e-con e-child\" data-id=\"f74bfff\" data-element_type=\"container\">\n\t\t\t\t<div class=\"elementor-element elementor-element-9693186 elementor-widget elementor-widget-heading\" data-id=\"9693186\" data-element_type=\"widget\" data-widget_type=\"heading.default\">\n\t\t\t\t\t<p class=\"elementor-heading-title elementor-size-default\">04<\/p>\t\t\t\t<\/div>\n\t\t\t\t<\/div>\n\t\t<div class=\"elementor-element elementor-element-02c7c6c e-con-full e-flex e-con e-child\" data-id=\"02c7c6c\" data-element_type=\"container\">\n\t\t\t\t<div class=\"elementor-element elementor-element-e74012e elementor-widget elementor-widget-heading\" data-id=\"e74012e\" data-element_type=\"widget\" data-widget_type=\"heading.default\">\n\t\t\t\t\t<h3 class=\"elementor-heading-title elementor-size-default\">Viestint\u00e4<\/h3>\t\t\t\t<\/div>\n\t\t\t\t<div class=\"elementor-element elementor-element-18f245f elementor-widget elementor-widget-heading\" data-id=\"18f245f\" data-element_type=\"widget\" data-widget_type=\"heading.default\">\n\t\t\t\t\t<p class=\"elementor-heading-title elementor-size-default\">Pid\u00e4mme sinut ajan tasalla koko prosessin ajan alusta loppuun. N\u00e4in tied\u00e4t aina, miss\u00e4 vaiheessa etenemme, ilman yll\u00e4tyksi\u00e4.<\/p>\t\t\t\t<\/div>\n\t\t\t\t<\/div>\n\t\t\t\t<\/div>\n\t\t<div class=\"elementor-element elementor-element-1e0d35c e-con-full e-grid e-con e-child\" data-id=\"1e0d35c\" data-element_type=\"container\">\n\t\t<div class=\"elementor-element elementor-element-dfc8fbb e-con-full e-flex e-con e-child\" data-id=\"dfc8fbb\" data-element_type=\"container\">\n\t\t\t\t<div class=\"elementor-element elementor-element-57db8d2 elementor-widget elementor-widget-heading\" data-id=\"57db8d2\" data-element_type=\"widget\" data-widget_type=\"heading.default\">\n\t\t\t\t\t<p class=\"elementor-heading-title elementor-size-default\">05<\/p>\t\t\t\t<\/div>\n\t\t\t\t<\/div>\n\t\t<div class=\"elementor-element elementor-element-e1b408d e-con-full e-flex e-con e-child\" data-id=\"e1b408d\" data-element_type=\"container\">\n\t\t\t\t<div class=\"elementor-element elementor-element-b1977a0 elementor-widget elementor-widget-heading\" data-id=\"b1977a0\" data-element_type=\"widget\" data-widget_type=\"heading.default\">\n\t\t\t\t\t<h3 class=\"elementor-heading-title elementor-size-default\">K\u00e4yt\u00e4nn\u00f6n j\u00e4rjestelyt<\/h3>\t\t\t\t<\/div>\n\t\t\t\t<div class=\"elementor-element elementor-element-f9ac135 elementor-widget elementor-widget-heading\" data-id=\"f9ac135\" data-element_type=\"widget\" data-widget_type=\"heading.default\">\n\t\t\t\t\t<p class=\"elementor-heading-title elementor-size-default\">Kun kauppa on viimeistelty, hoidamme kaikki siihen liittyv\u00e4t k\u00e4yt\u00e4nn\u00f6n j\u00e4rjestelyt. Voit keskitty\u00e4 nauttimaan uuden el\u00e4m\u00e4nvaiheen alusta uudessa kodissasi.<\/p>\t\t\t\t<\/div>\n\t\t\t\t<\/div>\n\t\t\t\t<\/div>\n\t\t<div class=\"elementor-element elementor-element-8063bd9 e-con-full e-grid e-con e-child\" data-id=\"8063bd9\" data-element_type=\"container\">\n\t\t<div class=\"elementor-element elementor-element-83d55df e-con-full e-flex e-con e-child\" data-id=\"83d55df\" data-element_type=\"container\">\n\t\t\t\t<div class=\"elementor-element elementor-element-7ca5d2f elementor-widget elementor-widget-heading\" data-id=\"7ca5d2f\" data-element_type=\"widget\" data-widget_type=\"heading.default\">\n\t\t\t\t\t<p class=\"elementor-heading-title elementor-size-default\">06<\/p>\t\t\t\t<\/div>\n\t\t\t\t<\/div>\n\t\t<div class=\"elementor-element elementor-element-66dedd3 e-con-full e-flex e-con e-child\" data-id=\"66dedd3\" data-element_type=\"container\">\n\t\t\t\t<div class=\"elementor-element elementor-element-ebebfde elementor-widget elementor-widget-heading\" data-id=\"ebebfde\" data-element_type=\"widget\" data-widget_type=\"heading.default\">\n\t\t\t\t\t<h3 class=\"elementor-heading-title elementor-size-default\">Avaimet unelmaasi<\/h3>\t\t\t\t<\/div>\n\t\t\t\t<div class=\"elementor-element elementor-element-27a8d75 elementor-widget elementor-widget-heading\" data-id=\"27a8d75\" data-element_type=\"widget\" data-widget_type=\"heading.default\">\n\t\t\t\t\t<p class=\"elementor-heading-title elementor-size-default\">Saat uuden kotisi avaimet, ja uusi tarina voi alkaa.<\/p>\t\t\t\t<\/div>\n\t\t\t\t<\/div>\n\t\t\t\t<\/div>\n\t\t\t\t<\/div>\n\t\t\t\t<\/div>\n\t\t\t\t\t<\/div>\n\t\t\t\t<\/div>\n\t\t<div class=\"elementor-element elementor-element-f7b4112 e-flex e-con-boxed e-con e-parent\" data-id=\"f7b4112\" data-element_type=\"container\" data-settings=\"{&quot;background_background&quot;:&quot;classic&quot;}\">\n\t\t\t\t\t<div class=\"e-con-inner\">\n\t\t\t\t<div class=\"elementor-element elementor-element-ac351a9 elementor-widget elementor-widget-heading\" data-id=\"ac351a9\" data-element_type=\"widget\" data-widget_type=\"heading.default\">\n\t\t\t\t\t<h2 class=\"elementor-heading-title elementor-size-default\">Katso muut sivut<\/h2>\t\t\t\t<\/div>\n\t\t<div class=\"elementor-element elementor-element-460b5b6 e-grid e-con-full e-con e-child\" data-id=\"460b5b6\" data-element_type=\"container\">\n\t\t<div class=\"elementor-element elementor-element-c0cf5ec e-con-full arrow-animate-trigger-1 e-flex e-con e-child\" data-id=\"c0cf5ec\" data-element_type=\"container\">\n\t\t\t\t<div class=\"elementor-element elementor-element-1ac77fe elementor-widget elementor-widget-image\" data-id=\"1ac77fe\" data-element_type=\"widget\" data-widget_type=\"image.default\">\n\t\t\t\t\t\t\t\t\t\t\t\t\t\t\t<img fetchpriority=\"high\" decoding=\"async\" width=\"750\" height=\"750\" src=\"https:\/\/vendocosta.com\/wp-content\/uploads\/2025\/11\/costa.webp\" class=\"attachment-large size-large wp-image-206\" alt=\"\" srcset=\"https:\/\/vendocosta.com\/wp-content\/uploads\/2025\/11\/costa.webp 750w, https:\/\/vendocosta.com\/wp-content\/uploads\/2025\/11\/costa-300x300.webp 300w, https:\/\/vendocosta.com\/wp-content\/uploads\/2025\/11\/costa-150x150.webp 150w\" sizes=\"(max-width: 750px) 100vw, 750px\" \/>\t\t\t\t\t\t\t\t\t\t\t\t\t\t\t<\/div>\n\t\t<a class=\"elementor-element elementor-element-56316bc e-con-full e-flex e-con e-child\" data-id=\"56316bc\" data-element_type=\"container\" href=\"\/fi\/sell-properties\/\">\n\t\t\t\t<div class=\"elementor-element elementor-element-7858085 elementor-widget elementor-widget-heading\" data-id=\"7858085\" data-element_type=\"widget\" data-widget_type=\"heading.default\">\n\t\t\t\t\t<span class=\"elementor-heading-title elementor-size-default\">Asunnon myyminen Vendo Costan kautta<\/span>\t\t\t\t<\/div>\n\t\t\t\t<div class=\"elementor-element elementor-element-8df6107 animate-arrow-1 elementor-view-default elementor-widget elementor-widget-icon\" data-id=\"8df6107\" data-element_type=\"widget\" data-widget_type=\"icon.default\">\n\t\t\t\t\t\t\t<div class=\"elementor-icon-wrapper\">\n\t\t\t<div class=\"elementor-icon\">\n\t\t\t<svg aria-hidden=\"true\" class=\"e-font-icon-svg e-fas-arrow-right\" viewbox=\"0 0 448 512\" xmlns=\"http:\/\/www.w3.org\/2000\/svg\"><path d=\"M190.5 66.9l22.2-22.2c9.4-9.4 24.6-9.4 33.9 0L441 239c9.4 9.4 9.4 24.6 0 33.9L246.6 467.3c-9.4 9.4-24.6 9.4-33.9 0l-22.2-22.2c-9.5-9.5-9.3-25 .4-34.3L311.4 296H24c-13.3 0-24-10.7-24-24v-32c0-13.3 10.7-24 24-24h287.4L190.9 101.2c-9.8-9.3-10-24.8-.4-34.3z\"><\/path><\/svg>\t\t\t<\/div>\n\t\t<\/div>\n\t\t\t\t\t\t<\/div>\n\t\t\t\t<\/a>\n\t\t\t\t<\/div>\n\t\t<div class=\"elementor-element elementor-element-78fadc4 e-con-full arrow-animate-trigger e-flex e-con e-child\" data-id=\"78fadc4\" data-element_type=\"container\">\n\t\t\t\t<div class=\"elementor-element elementor-element-6507cd8 elementor-widget elementor-widget-image\" data-id=\"6507cd8\" data-element_type=\"widget\" data-widget_type=\"image.default\">\n\t\t\t\t\t\t\t\t\t\t\t\t\t\t\t<img decoding=\"async\" width=\"750\" height=\"750\" src=\"https:\/\/vendocosta.com\/wp-content\/uploads\/2025\/11\/vendo-espanja.webp\" class=\"attachment-large size-large wp-image-205\" alt=\"\" srcset=\"https:\/\/vendocosta.com\/wp-content\/uploads\/2025\/11\/vendo-espanja.webp 750w, https:\/\/vendocosta.com\/wp-content\/uploads\/2025\/11\/vendo-espanja-300x300.webp 300w, https:\/\/vendocosta.com\/wp-content\/uploads\/2025\/11\/vendo-espanja-150x150.webp 150w\" sizes=\"(max-width: 750px) 100vw, 750px\" \/>\t\t\t\t\t\t\t\t\t\t\t\t\t\t\t<\/div>\n\t\t<a class=\"elementor-element elementor-element-1012501 e-con-full e-flex e-con e-child\" data-id=\"1012501\" data-element_type=\"container\" href=\"\/fi\/contact\/\">\n\t\t\t\t<div class=\"elementor-element elementor-element-af5647b elementor-widget elementor-widget-heading\" data-id=\"af5647b\" data-element_type=\"widget\" data-widget_type=\"heading.default\">\n\t\t\t\t\t<span class=\"elementor-heading-title elementor-size-default\">Ota yhteytt\u00e4<\/span>\t\t\t\t<\/div>\n\t\t\t\t<div class=\"elementor-element elementor-element-cbd366e animate-arrow elementor-view-default elementor-widget elementor-widget-icon\" data-id=\"cbd366e\" data-element_type=\"widget\" data-widget_type=\"icon.default\">\n\t\t\t\t\t\t\t<div class=\"elementor-icon-wrapper\">\n\t\t\t<div class=\"elementor-icon\">\n\t\t\t<svg aria-hidden=\"true\" class=\"e-font-icon-svg e-fas-arrow-right\" viewbox=\"0 0 448 512\" xmlns=\"http:\/\/www.w3.org\/2000\/svg\"><path d=\"M190.5 66.9l22.2-22.2c9.4-9.4 24.6-9.4 33.9 0L441 239c9.4 9.4 9.4 24.6 0 33.9L246.6 467.3c-9.4 9.4-24.6 9.4-33.9 0l-22.2-22.2c-9.5-9.5-9.3-25 .4-34.3L311.4 296H24c-13.3 0-24-10.7-24-24v-32c0-13.3 10.7-24 24-24h287.4L190.9 101.2c-9.8-9.3-10-24.8-.4-34.3z\"><\/path><\/svg>\t\t\t<\/div>\n\t\t<\/div>\n\t\t\t\t\t\t<\/div>\n\t\t\t\t<\/a>\n\t\t\t\t<\/div>\n\t\t\t\t<\/div>\n\t\t\t\t\t<\/div>\n\t\t\t\t<\/div>\n\t\t\t\t<\/div>","protected":false},"excerpt":{"rendered":"<p>Buying Your Home with Vendo Costa in Costa del Sol At Vendo Costa, we handle everything for you. Our goal is to make the home buying process smooth and simple, allowing you to focus on planning your new chapter in life. We are dedicated to supporting you every step of the way. By listening to [&hellip;]<\/p>","protected":false},"author":2,"featured_media":0,"parent":0,"menu_order":0,"comment_status":"closed","ping_status":"closed","template":"","meta":{"om_disable_all_campaigns":false,"_monsterinsights_skip_tracking":false,"_monsterinsights_sitenote_active":false,"_monsterinsights_sitenote_note":"","_monsterinsights_sitenote_category":0,"footnotes":""},"class_list":["post-311","page","type-page","status-publish","hentry"],"aioseo_notices":[],"_links":{"self":[{"href":"https:\/\/vendocosta.com\/fi\/wp-json\/wp\/v2\/pages\/311","targetHints":{"allow":["GET"]}}],"collection":[{"href":"https:\/\/vendocosta.com\/fi\/wp-json\/wp\/v2\/pages"}],"about":[{"href":"https:\/\/vendocosta.com\/fi\/wp-json\/wp\/v2\/types\/page"}],"author":[{"embeddable":true,"href":"https:\/\/vendocosta.com\/fi\/wp-json\/wp\/v2\/users\/2"}],"replies":[{"embeddable":true,"href":"https:\/\/vendocosta.com\/fi\/wp-json\/wp\/v2\/comments?post=311"}],"version-history":[{"count":80,"href":"https:\/\/vendocosta.com\/fi\/wp-json\/wp\/v2\/pages\/311\/revisions"}],"predecessor-version":[{"id":8648,"href":"https:\/\/vendocosta.com\/fi\/wp-json\/wp\/v2\/pages\/311\/revisions\/8648"}],"wp:attachment":[{"href":"https:\/\/vendocosta.com\/fi\/wp-json\/wp\/v2\/media?parent=311"}],"curies":[{"name":"wp","href":"https:\/\/api.w.org\/{rel}","templated":true}]}}