{"id":537,"date":"2025-12-11T16:19:25","date_gmt":"2025-12-11T16:19:25","guid":{"rendered":"https:\/\/vendocosta.com\/?page_id=537"},"modified":"2026-04-01T12:15:19","modified_gmt":"2026-04-01T12:15:19","slug":"sell-properties","status":"publish","type":"page","link":"https:\/\/vendocosta.com\/fi\/sell-properties\/","title":{"rendered":"Asunnon myyminen"},"content":{"rendered":"<div data-elementor-type=\"wp-post\" data-elementor-id=\"537\" class=\"elementor elementor-537\" data-elementor-post-type=\"page\">\n\t\t\t\t<div class=\"elementor-element elementor-element-c37a690 e-flex e-con-boxed e-con e-parent\" data-id=\"c37a690\" data-element_type=\"container\" data-settings=\"{&quot;background_background&quot;:&quot;classic&quot;}\">\n\t\t\t\t\t<div class=\"e-con-inner\">\n\t\t<div class=\"elementor-element elementor-element-83673a5 e-con-full e-flex e-con e-child\" data-id=\"83673a5\" data-element_type=\"container\" data-settings=\"{&quot;background_background&quot;:&quot;classic&quot;}\">\n\t\t\t\t<div class=\"elementor-element elementor-element-84455ea elementor-widget elementor-widget-heading\" data-id=\"84455ea\" data-element_type=\"widget\" data-widget_type=\"heading.default\">\n\t\t\t\t\t<h2 class=\"elementor-heading-title elementor-size-default\">Asunnon myyminen Vendo Costan kautta Costa del Solilla<\/h2>\t\t\t\t<\/div>\n\t\t\t\t<\/div>\n\t\t\t\t\t<\/div>\n\t\t\t\t<\/div>\n\t\t<div class=\"elementor-element elementor-element-737754c e-flex e-con-boxed e-con e-parent\" data-id=\"737754c\" data-element_type=\"container\">\n\t\t\t\t\t<div class=\"e-con-inner\">\n\t\t\t\t<div class=\"elementor-element elementor-element-563a283 elementor-widget elementor-widget-text-editor\" data-id=\"563a283\" data-element_type=\"widget\" data-widget_type=\"text-editor.default\">\n\t\t\t\t\t\t\t\t\t<p>Vendo Costalla ymm\u00e4rr\u00e4mme, ett\u00e4 asunnon myyminen voi vied\u00e4 paljon aikaa. Siksi teemme koko prosessista mahdollisimman sujuvan ja vaivattoman. Ensimm\u00e4isest\u00e4 konsultaatiosta aina kaupanteon loppuunsaattamiseen asti huolehdimme kaikesta, jotta voit keskitty\u00e4 rauhallisin mielin el\u00e4m\u00e4si seuraavaan vaiheeseen.<\/p><p>Olemme jakaneet myyntiprosessin selkeisiin vaiheisiin, jotta tied\u00e4t tarkalleen, mit\u00e4 odottaa jokaisessa vaiheessa. Alta l\u00f6yd\u00e4t laatimamme oppaan, joka vie sinut askel askeleelta kohti onnistunutta myynti\u00e4.<\/p>\t\t\t\t\t\t\t\t<\/div>\n\t\t<div class=\"elementor-element elementor-element-6f3f55d e-con-full e-flex e-con e-child\" data-id=\"6f3f55d\" data-element_type=\"container\" data-settings=\"{&quot;background_background&quot;:&quot;classic&quot;}\">\n\t\t<div class=\"elementor-element elementor-element-0a79ded e-con-full e-flex e-con e-child\" data-id=\"0a79ded\" data-element_type=\"container\">\n\t\t<div class=\"elementor-element elementor-element-6cd0ac3 e-con-full e-grid e-con e-child\" data-id=\"6cd0ac3\" data-element_type=\"container\">\n\t\t<div class=\"elementor-element elementor-element-4ce511b e-con-full e-flex e-con e-child\" data-id=\"4ce511b\" data-element_type=\"container\">\n\t\t\t\t<div class=\"elementor-element elementor-element-41b5cec elementor-widget elementor-widget-heading\" data-id=\"41b5cec\" data-element_type=\"widget\" data-widget_type=\"heading.default\">\n\t\t\t\t\t<p class=\"elementor-heading-title elementor-size-default\">01<\/p>\t\t\t\t<\/div>\n\t\t\t\t<\/div>\n\t\t<div class=\"elementor-element elementor-element-34980e7 e-con-full e-flex e-con e-child\" data-id=\"34980e7\" data-element_type=\"container\">\n\t\t\t\t<div class=\"elementor-element elementor-element-918845c elementor-widget elementor-widget-heading\" data-id=\"918845c\" data-element_type=\"widget\" data-widget_type=\"heading.default\">\n\t\t\t\t\t<h3 class=\"elementor-heading-title elementor-size-default\">Alkukartoitus ja tavoitteet<\/h3>\t\t\t\t<\/div>\n\t\t\t\t<div class=\"elementor-element elementor-element-8e15fc5 elementor-widget elementor-widget-heading\" data-id=\"8e15fc5\" data-element_type=\"widget\" data-widget_type=\"heading.default\">\n\t\t\t\t\t<p class=\"elementor-heading-title elementor-size-default\">K\u00e4ymme l\u00e4pi myyntitavoitteesi, aikataulusi ja toiveesi. Arvioimme yhdess\u00e4 kohteesi t\u00e4rkeimm\u00e4t vahvuudet sek\u00e4 markkinatilanteen.<\/p>\t\t\t\t<\/div>\n\t\t\t\t<\/div>\n\t\t\t\t<\/div>\n\t\t<div class=\"elementor-element elementor-element-6efe782 e-con-full e-grid e-con e-child\" data-id=\"6efe782\" data-element_type=\"container\">\n\t\t<div class=\"elementor-element elementor-element-b5a4325 e-con-full e-flex e-con e-child\" data-id=\"b5a4325\" data-element_type=\"container\">\n\t\t\t\t<div class=\"elementor-element elementor-element-ce82a22 elementor-widget elementor-widget-heading\" data-id=\"ce82a22\" data-element_type=\"widget\" data-widget_type=\"heading.default\">\n\t\t\t\t\t<p class=\"elementor-heading-title elementor-size-default\">02<\/p>\t\t\t\t<\/div>\n\t\t\t\t<\/div>\n\t\t<div class=\"elementor-element elementor-element-812681f e-con-full e-flex e-con e-child\" data-id=\"812681f\" data-element_type=\"container\">\n\t\t\t\t<div class=\"elementor-element elementor-element-029b769 elementor-widget elementor-widget-heading\" data-id=\"029b769\" data-element_type=\"widget\" data-widget_type=\"heading.default\">\n\t\t\t\t\t<h3 class=\"elementor-heading-title elementor-size-default\">Kohteen arviointi ja hinnoittelu<\/h3>\t\t\t\t<\/div>\n\t\t\t\t<div class=\"elementor-element elementor-element-fc342af elementor-widget elementor-widget-heading\" data-id=\"fc342af\" data-element_type=\"widget\" data-widget_type=\"heading.default\">\n\t\t\t\t\t<p class=\"elementor-heading-title elementor-size-default\">Teemme ammattimaisen arvion kohteesi markkina-arvosta ja m\u00e4\u00e4rittelemme realistisen sek\u00e4 houkuttelevan myyntihinnan.<\/p>\t\t\t\t<\/div>\n\t\t\t\t<\/div>\n\t\t\t\t<\/div>\n\t\t<div class=\"elementor-element elementor-element-4f0f454 e-con-full e-grid e-con e-child\" data-id=\"4f0f454\" data-element_type=\"container\">\n\t\t<div class=\"elementor-element elementor-element-5ad0880 e-con-full e-flex e-con e-child\" data-id=\"5ad0880\" data-element_type=\"container\">\n\t\t\t\t<div class=\"elementor-element elementor-element-665640e elementor-widget elementor-widget-heading\" data-id=\"665640e\" data-element_type=\"widget\" data-widget_type=\"heading.default\">\n\t\t\t\t\t<p class=\"elementor-heading-title elementor-size-default\">03<\/p>\t\t\t\t<\/div>\n\t\t\t\t<\/div>\n\t\t<div class=\"elementor-element elementor-element-88285d6 e-con-full e-flex e-con e-child\" data-id=\"88285d6\" data-element_type=\"container\">\n\t\t\t\t<div class=\"elementor-element elementor-element-5cfc496 elementor-widget elementor-widget-heading\" data-id=\"5cfc496\" data-element_type=\"widget\" data-widget_type=\"heading.default\">\n\t\t\t\t\t<h3 class=\"elementor-heading-title elementor-size-default\">Markkinointi<\/h3>\t\t\t\t<\/div>\n\t\t\t\t<div class=\"elementor-element elementor-element-bc0a3ce elementor-widget elementor-widget-heading\" data-id=\"bc0a3ce\" data-element_type=\"widget\" data-widget_type=\"heading.default\">\n\t\t\t\t\t<p class=\"elementor-heading-title elementor-size-default\"> Luomme kohteellesi r\u00e4\u00e4t\u00e4l\u00f6idyn markkinointisuunnitelman ja julkaisemme sen Espanjan suurimmilla kiinteist\u00f6sivustoilla sek\u00e4 kansainv\u00e4lisill\u00e4 alustoilla \u2013 tavoittaen ostajia laajasti Euroopasta ja sen ulkopuolelta. MLS-verkoston kautta kohteesi saa n\u00e4kyvyytt\u00e4 my\u00f6s sadoilta paikallisilta v\u00e4litt\u00e4jilt\u00e4.<\/p>\t\t\t\t<\/div>\n\t\t\t\t<\/div>\n\t\t\t\t<\/div>\n\t\t<div class=\"elementor-element elementor-element-5387a1d e-con-full e-grid e-con e-child\" data-id=\"5387a1d\" data-element_type=\"container\">\n\t\t<div class=\"elementor-element elementor-element-a380981 e-con-full e-flex e-con e-child\" data-id=\"a380981\" data-element_type=\"container\">\n\t\t\t\t<div class=\"elementor-element elementor-element-617b3b2 elementor-widget elementor-widget-heading\" data-id=\"617b3b2\" data-element_type=\"widget\" data-widget_type=\"heading.default\">\n\t\t\t\t\t<p class=\"elementor-heading-title elementor-size-default\">04<\/p>\t\t\t\t<\/div>\n\t\t\t\t<\/div>\n\t\t<div class=\"elementor-element elementor-element-3998b3f e-con-full e-flex e-con e-child\" data-id=\"3998b3f\" data-element_type=\"container\">\n\t\t\t\t<div class=\"elementor-element elementor-element-f2cb935 elementor-widget elementor-widget-heading\" data-id=\"f2cb935\" data-element_type=\"widget\" data-widget_type=\"heading.default\">\n\t\t\t\t\t<h3 class=\"elementor-heading-title elementor-size-default\">N\u00e4yt\u00f6t ja viestint\u00e4<\/h3>\t\t\t\t<\/div>\n\t\t\t\t<div class=\"elementor-element elementor-element-3b867f2 elementor-widget elementor-widget-heading\" data-id=\"3b867f2\" data-element_type=\"widget\" data-widget_type=\"heading.default\">\n\t\t\t\t\t<p class=\"elementor-heading-title elementor-size-default\">J\u00e4rjest\u00e4mme n\u00e4yt\u00f6t, vastaamme ostajien kysymyksiin ja pid\u00e4mme sinut jatkuvasti ajan tasalla myynnin etenemisest\u00e4.<\/p>\t\t\t\t<\/div>\n\t\t\t\t<\/div>\n\t\t\t\t<\/div>\n\t\t<div class=\"elementor-element elementor-element-58fcf55 e-con-full e-grid e-con e-child\" data-id=\"58fcf55\" data-element_type=\"container\">\n\t\t<div class=\"elementor-element elementor-element-dfc9839 e-con-full e-flex e-con e-child\" data-id=\"dfc9839\" data-element_type=\"container\">\n\t\t\t\t<div class=\"elementor-element elementor-element-d971c48 elementor-widget elementor-widget-heading\" data-id=\"d971c48\" data-element_type=\"widget\" data-widget_type=\"heading.default\">\n\t\t\t\t\t<p class=\"elementor-heading-title elementor-size-default\">05<\/p>\t\t\t\t<\/div>\n\t\t\t\t<\/div>\n\t\t<div class=\"elementor-element elementor-element-0a5767a e-con-full e-flex e-con e-child\" data-id=\"0a5767a\" data-element_type=\"container\">\n\t\t\t\t<div class=\"elementor-element elementor-element-7b07b95 elementor-widget elementor-widget-heading\" data-id=\"7b07b95\" data-element_type=\"widget\" data-widget_type=\"heading.default\">\n\t\t\t\t\t<h3 class=\"elementor-heading-title elementor-size-default\">Neuvottelut ja sopimukset<\/h3>\t\t\t\t<\/div>\n\t\t\t\t<div class=\"elementor-element elementor-element-7ec93c1 elementor-widget elementor-widget-heading\" data-id=\"7ec93c1\" data-element_type=\"widget\" data-widget_type=\"heading.default\">\n\t\t\t\t\t<p class=\"elementor-heading-title elementor-size-default\">Hoidamme neuvottelut ostajien kanssa, laadimme kaikki tarvittavat asiakirjat ja varmistamme, ett\u00e4 kaikki etenee oikein ja turvallisesti.<\/p>\t\t\t\t<\/div>\n\t\t\t\t<\/div>\n\t\t\t\t<\/div>\n\t\t<div class=\"elementor-element elementor-element-b867dde e-con-full e-grid e-con e-child\" data-id=\"b867dde\" data-element_type=\"container\">\n\t\t<div class=\"elementor-element elementor-element-1d70192 e-con-full e-flex e-con e-child\" data-id=\"1d70192\" data-element_type=\"container\">\n\t\t\t\t<div class=\"elementor-element elementor-element-4f1741d elementor-widget elementor-widget-heading\" data-id=\"4f1741d\" data-element_type=\"widget\" data-widget_type=\"heading.default\">\n\t\t\t\t\t<p class=\"elementor-heading-title elementor-size-default\">06<\/p>\t\t\t\t<\/div>\n\t\t\t\t<\/div>\n\t\t<div class=\"elementor-element elementor-element-fd13dd5 e-con-full e-flex e-con e-child\" data-id=\"fd13dd5\" data-element_type=\"container\">\n\t\t\t\t<div class=\"elementor-element elementor-element-cbbe28f elementor-widget elementor-widget-heading\" data-id=\"cbbe28f\" data-element_type=\"widget\" data-widget_type=\"heading.default\">\n\t\t\t\t\t<h3 class=\"elementor-heading-title elementor-size-default\">Myynnin viimeistely<\/h3>\t\t\t\t<\/div>\n\t\t\t\t<div class=\"elementor-element elementor-element-0e12d87 elementor-widget elementor-widget-heading\" data-id=\"0e12d87\" data-element_type=\"widget\" data-widget_type=\"heading.default\">\n\t\t\t\t\t<p class=\"elementor-heading-title elementor-size-default\">Kun olemme l\u00f6yt\u00e4neet ostajan kohteellesi, huolehdimme kaupanteon loppuunsaattamisesta sek\u00e4 kaikista siihen liittyvist\u00e4 k\u00e4yt\u00e4nn\u00f6n j\u00e4rjestelyist\u00e4.<\/p>\t\t\t\t<\/div>\n\t\t\t\t<\/div>\n\t\t\t\t<\/div>\n\t\t<div class=\"elementor-element elementor-element-1d7a46f e-con-full e-grid e-con e-child\" data-id=\"1d7a46f\" data-element_type=\"container\">\n\t\t<div class=\"elementor-element elementor-element-553cfe4 e-con-full e-flex e-con e-child\" data-id=\"553cfe4\" data-element_type=\"container\">\n\t\t\t\t<div class=\"elementor-element elementor-element-2c0a4cc elementor-widget elementor-widget-heading\" data-id=\"2c0a4cc\" data-element_type=\"widget\" data-widget_type=\"heading.default\">\n\t\t\t\t\t<p class=\"elementor-heading-title elementor-size-default\">07<\/p>\t\t\t\t<\/div>\n\t\t\t\t<\/div>\n\t\t<div class=\"elementor-element elementor-element-3c60948 e-con-full e-flex e-con e-child\" data-id=\"3c60948\" data-element_type=\"container\">\n\t\t\t\t<div class=\"elementor-element elementor-element-06f2162 elementor-widget elementor-widget-heading\" data-id=\"06f2162\" data-element_type=\"widget\" data-widget_type=\"heading.default\">\n\t\t\t\t\t<h3 class=\"elementor-heading-title elementor-size-default\">Myynnin j\u00e4lkeen<\/h3>\t\t\t\t<\/div>\n\t\t\t\t<div class=\"elementor-element elementor-element-2656ba3 elementor-widget elementor-widget-heading\" data-id=\"2656ba3\" data-element_type=\"widget\" data-widget_type=\"heading.default\">\n\t\t\t\t\t<p class=\"elementor-heading-title elementor-size-default\">Tukemme jatkuu my\u00f6s kaupanteon j\u00e4lkeen. Tarvittaessa autamme asiakirjojen tai muiden k\u00e4yt\u00e4nn\u00f6n asioiden kanssa.<\/p>\t\t\t\t<\/div>\n\t\t\t\t<\/div>\n\t\t\t\t<\/div>\n\t\t\t\t<\/div>\n\t\t\t\t<\/div>\n\t\t\t\t<div class=\"elementor-element elementor-element-28b60cb elementor-widget elementor-widget-heading\" data-id=\"28b60cb\" data-element_type=\"widget\" data-widget_type=\"heading.default\">\n\t\t\t\t\t<h3 class=\"elementor-heading-title elementor-size-default\">Varaa maksuton arviok\u00e4ynti<\/h3>\t\t\t\t<\/div>\n\t\t\t\t<div class=\"elementor-element elementor-element-69e2e28 elementor-widget elementor-widget-text-editor\" data-id=\"69e2e28\" data-element_type=\"widget\" data-widget_type=\"text-editor.default\">\n\t\t\t\t\t\t\t\t\t<p data-start=\"3577\" data-end=\"3768\">Haluatko tiet\u00e4\u00e4 kotisi arvon Espanjan asuntomarkkinoilla? Vendo Costan maksuton arviok\u00e4ynti tarjoaa sinulle ammattimaisen n\u00e4kemyksen kohteesi myyntipotentiaalista \u2013 t\u00e4ysin ilman sitoumuksia.<\/p><p data-start=\"3770\" data-end=\"3985\">V\u00e4litt\u00e4j\u00e4mme vierailee kohteessa, ja k\u00e4ynnin aikana saat arvion, myyntivinkkej\u00e4 sek\u00e4 vastaukset kaikkiin kysymyksiisi. T\u00e4m\u00e4 on ensimm\u00e4inen askel kohti onnistunutta myynti\u00e4, ja otamme sen yhdess\u00e4 kanssasi.<\/p>\t\t\t\t\t\t\t\t<\/div>\n\t\t\t\t<div class=\"elementor-element elementor-element-6290059 elementor-widget elementor-widget-heading\" data-id=\"6290059\" data-element_type=\"widget\" data-widget_type=\"heading.default\">\n\t\t\t\t\t<h3 class=\"elementor-heading-title elementor-size-default\">Ota yhteytt\u00e4<\/h3>\t\t\t\t<\/div>\n\t\t\t\t<div class=\"elementor-element elementor-element-139206a elementor-widget elementor-widget-text-editor\" data-id=\"139206a\" data-element_type=\"widget\" data-widget_type=\"text-editor.default\">\n\t\t\t\t\t\t\t\t\t<p data-start=\"3577\" data-end=\"3768\">Etsitk\u00f6 kiinteist\u00f6nv\u00e4litt\u00e4j\u00e4\u00e4, joka ymm\u00e4rt\u00e4\u00e4, ett\u00e4 koti on enemm\u00e4n kuin pelkk\u00e4 asunto? Silloin Vendo Costa on oikea valinta sinulle. Ota meihin yhteytt\u00e4 jo t\u00e4n\u00e4\u00e4n ja anna meid\u00e4n olla osa tarinaasi.<\/p>\t\t\t\t\t\t\t\t<\/div>\n\t\t\t\t\t<\/div>\n\t\t\t\t<\/div>\n\t\t<div class=\"elementor-element elementor-element-f7b4112 e-flex e-con-boxed e-con e-parent\" data-id=\"f7b4112\" data-element_type=\"container\" data-settings=\"{&quot;background_background&quot;:&quot;classic&quot;}\">\n\t\t\t\t\t<div class=\"e-con-inner\">\n\t\t\t\t<div class=\"elementor-element elementor-element-ac351a9 elementor-widget elementor-widget-heading\" data-id=\"ac351a9\" data-element_type=\"widget\" data-widget_type=\"heading.default\">\n\t\t\t\t\t<h2 class=\"elementor-heading-title elementor-size-default\">Katso muut sivut<\/h2>\t\t\t\t<\/div>\n\t\t<div class=\"elementor-element elementor-element-460b5b6 e-grid e-con-full e-con e-child\" data-id=\"460b5b6\" data-element_type=\"container\">\n\t\t<div class=\"elementor-element elementor-element-c0cf5ec e-con-full arrow-animate-trigger-1 e-flex e-con e-child\" data-id=\"c0cf5ec\" data-element_type=\"container\">\n\t\t\t\t<div class=\"elementor-element elementor-element-1ac77fe elementor-widget elementor-widget-image\" data-id=\"1ac77fe\" data-element_type=\"widget\" data-widget_type=\"image.default\">\n\t\t\t\t\t\t\t\t\t\t\t\t\t\t\t<img fetchpriority=\"high\" decoding=\"async\" width=\"800\" height=\"800\" src=\"https:\/\/vendocosta.com\/wp-content\/uploads\/2026\/01\/background-2-copy-1024x1024.png\" class=\"attachment-large size-large wp-image-8301\" alt=\"\" srcset=\"https:\/\/vendocosta.com\/wp-content\/uploads\/2026\/01\/background-2-copy-1024x1024.png 1024w, https:\/\/vendocosta.com\/wp-content\/uploads\/2026\/01\/background-2-copy-300x300.png 300w, https:\/\/vendocosta.com\/wp-content\/uploads\/2026\/01\/background-2-copy-150x150.png 150w, https:\/\/vendocosta.com\/wp-content\/uploads\/2026\/01\/background-2-copy-768x768.png 768w, https:\/\/vendocosta.com\/wp-content\/uploads\/2026\/01\/background-2-copy.png 1115w\" sizes=\"(max-width: 800px) 100vw, 800px\" \/>\t\t\t\t\t\t\t\t\t\t\t\t\t\t\t<\/div>\n\t\t<a class=\"elementor-element elementor-element-56316bc e-con-full e-flex e-con e-child\" data-id=\"56316bc\" data-element_type=\"container\" href=\"\/fi\/sell-properties\/\">\n\t\t\t\t<div class=\"elementor-element elementor-element-7858085 elementor-widget elementor-widget-heading\" data-id=\"7858085\" data-element_type=\"widget\" data-widget_type=\"heading.default\">\n\t\t\t\t\t<span class=\"elementor-heading-title elementor-size-default\">Buying Your Home with Vendo Costa<\/span>\t\t\t\t<\/div>\n\t\t\t\t<div class=\"elementor-element elementor-element-8df6107 animate-arrow-1 elementor-view-default elementor-widget elementor-widget-icon\" data-id=\"8df6107\" data-element_type=\"widget\" data-widget_type=\"icon.default\">\n\t\t\t\t\t\t\t<div class=\"elementor-icon-wrapper\">\n\t\t\t<div class=\"elementor-icon\">\n\t\t\t<svg aria-hidden=\"true\" class=\"e-font-icon-svg e-fas-arrow-right\" viewbox=\"0 0 448 512\" xmlns=\"http:\/\/www.w3.org\/2000\/svg\"><path d=\"M190.5 66.9l22.2-22.2c9.4-9.4 24.6-9.4 33.9 0L441 239c9.4 9.4 9.4 24.6 0 33.9L246.6 467.3c-9.4 9.4-24.6 9.4-33.9 0l-22.2-22.2c-9.5-9.5-9.3-25 .4-34.3L311.4 296H24c-13.3 0-24-10.7-24-24v-32c0-13.3 10.7-24 24-24h287.4L190.9 101.2c-9.8-9.3-10-24.8-.4-34.3z\"><\/path><\/svg>\t\t\t<\/div>\n\t\t<\/div>\n\t\t\t\t\t\t<\/div>\n\t\t\t\t<\/a>\n\t\t\t\t<\/div>\n\t\t<div class=\"elementor-element elementor-element-78fadc4 e-con-full arrow-animate-trigger e-flex e-con e-child\" data-id=\"78fadc4\" data-element_type=\"container\">\n\t\t\t\t<div class=\"elementor-element elementor-element-6507cd8 elementor-widget elementor-widget-image\" data-id=\"6507cd8\" data-element_type=\"widget\" data-widget_type=\"image.default\">\n\t\t\t\t\t\t\t\t\t\t\t\t\t\t\t<img decoding=\"async\" width=\"750\" height=\"750\" src=\"https:\/\/vendocosta.com\/wp-content\/uploads\/2025\/11\/vendo-espanja.webp\" class=\"attachment-large size-large wp-image-205\" alt=\"\" srcset=\"https:\/\/vendocosta.com\/wp-content\/uploads\/2025\/11\/vendo-espanja.webp 750w, https:\/\/vendocosta.com\/wp-content\/uploads\/2025\/11\/vendo-espanja-300x300.webp 300w, https:\/\/vendocosta.com\/wp-content\/uploads\/2025\/11\/vendo-espanja-150x150.webp 150w\" sizes=\"(max-width: 750px) 100vw, 750px\" \/>\t\t\t\t\t\t\t\t\t\t\t\t\t\t\t<\/div>\n\t\t<a class=\"elementor-element elementor-element-1012501 e-con-full e-flex e-con e-child\" data-id=\"1012501\" data-element_type=\"container\" href=\"\/fi\/contact\/\">\n\t\t\t\t<div class=\"elementor-element elementor-element-af5647b elementor-widget elementor-widget-heading\" data-id=\"af5647b\" data-element_type=\"widget\" data-widget_type=\"heading.default\">\n\t\t\t\t\t<span class=\"elementor-heading-title elementor-size-default\">Ota yhteytt\u00e4<\/span>\t\t\t\t<\/div>\n\t\t\t\t<div class=\"elementor-element elementor-element-cbd366e animate-arrow elementor-view-default elementor-widget elementor-widget-icon\" data-id=\"cbd366e\" data-element_type=\"widget\" data-widget_type=\"icon.default\">\n\t\t\t\t\t\t\t<div class=\"elementor-icon-wrapper\">\n\t\t\t<div class=\"elementor-icon\">\n\t\t\t<svg aria-hidden=\"true\" class=\"e-font-icon-svg e-fas-arrow-right\" viewbox=\"0 0 448 512\" xmlns=\"http:\/\/www.w3.org\/2000\/svg\"><path d=\"M190.5 66.9l22.2-22.2c9.4-9.4 24.6-9.4 33.9 0L441 239c9.4 9.4 9.4 24.6 0 33.9L246.6 467.3c-9.4 9.4-24.6 9.4-33.9 0l-22.2-22.2c-9.5-9.5-9.3-25 .4-34.3L311.4 296H24c-13.3 0-24-10.7-24-24v-32c0-13.3 10.7-24 24-24h287.4L190.9 101.2c-9.8-9.3-10-24.8-.4-34.3z\"><\/path><\/svg>\t\t\t<\/div>\n\t\t<\/div>\n\t\t\t\t\t\t<\/div>\n\t\t\t\t<\/a>\n\t\t\t\t<\/div>\n\t\t\t\t<\/div>\n\t\t\t\t\t<\/div>\n\t\t\t\t<\/div>\n\t\t\t\t<\/div>","protected":false},"excerpt":{"rendered":"<p>Selling Your Home with Vendo Costa in Costa del Sol At Vendo Costa, we understand that selling a property can be stressful and time-consuming. That\u2019s why we make the entire process as smooth and effortless as possible. From the first consultation to the final completion, we handle everything so you can focus with peace of [&hellip;]<\/p>","protected":false},"author":2,"featured_media":0,"parent":0,"menu_order":0,"comment_status":"closed","ping_status":"closed","template":"","meta":{"om_disable_all_campaigns":false,"_monsterinsights_skip_tracking":false,"_monsterinsights_sitenote_active":false,"_monsterinsights_sitenote_note":"","_monsterinsights_sitenote_category":0,"footnotes":""},"class_list":["post-537","page","type-page","status-publish","hentry"],"aioseo_notices":[],"_links":{"self":[{"href":"https:\/\/vendocosta.com\/fi\/wp-json\/wp\/v2\/pages\/537","targetHints":{"allow":["GET"]}}],"collection":[{"href":"https:\/\/vendocosta.com\/fi\/wp-json\/wp\/v2\/pages"}],"about":[{"href":"https:\/\/vendocosta.com\/fi\/wp-json\/wp\/v2\/types\/page"}],"author":[{"embeddable":true,"href":"https:\/\/vendocosta.com\/fi\/wp-json\/wp\/v2\/users\/2"}],"replies":[{"embeddable":true,"href":"https:\/\/vendocosta.com\/fi\/wp-json\/wp\/v2\/comments?post=537"}],"version-history":[{"count":62,"href":"https:\/\/vendocosta.com\/fi\/wp-json\/wp\/v2\/pages\/537\/revisions"}],"predecessor-version":[{"id":8642,"href":"https:\/\/vendocosta.com\/fi\/wp-json\/wp\/v2\/pages\/537\/revisions\/8642"}],"wp:attachment":[{"href":"https:\/\/vendocosta.com\/fi\/wp-json\/wp\/v2\/media?parent=537"}],"curies":[{"name":"wp","href":"https:\/\/api.w.org\/{rel}","templated":true}]}}